{"id":24,"date":"2025-12-02T17:25:54","date_gmt":"2025-12-02T17:25:54","guid":{"rendered":"https:\/\/toolizo.com\/?page_id=24"},"modified":"2026-04-23T18:24:03","modified_gmt":"2026-04-23T18:24:03","slug":"about","status":"publish","type":"page","link":"https:\/\/toolizo.com\/de\/about\/","title":{"rendered":"Um"},"content":{"rendered":"<p data-start=\"648\" data-end=\"919\">Willkommen bei <a href=\"https:\/\/toolizo.com\/de\/\"><strong data-start=\"659\" data-end=\"674\">Toolizo.com<\/strong><\/a>Ihre zentrale Anlaufstelle f\u00fcr leistungsstarke, benutzerfreundliche Online-Tools und -Anwendungen. Unsere Mission ist einfach: Wir m\u00f6chten Ihre t\u00e4glichen digitalen Aufgaben schneller, intelligenter und bequemer gestalten \u2013 ganz ohne Software-Download oder Kontoerstellung.<\/p>\n<p data-start=\"921\" data-end=\"1179\">Bei Toolizo bieten wir eine stetig wachsende Sammlung von <strong data-start=\"968\" data-end=\"1111\">Produktivit\u00e4tstools, Berechnungsprogramme, Online-KI-Tools, SEO-Helfer, Textwerkzeuge, Social-Media-Tools und viele weitere intelligente Funktionen<\/strong> Entwickelt f\u00fcr Studenten, Kreative, Freiberufler und Alltagsnutzer.<\/p>\n<p data-start=\"1181\" data-end=\"1293\">Wir glauben, dass das Internet einfach und hilfreich sein sollte. Deshalb ist jedes Tool auf <a href=\"https:\/\/toolizo.com\/de\/\">Toolizo.com<\/a> wird erstellt mit:<\/p>\n<ul data-start=\"1295\" data-end=\"1480\">\n<li data-start=\"1295\" data-end=\"1340\">\n<p data-start=\"1297\" data-end=\"1340\"><strong data-start=\"1297\" data-end=\"1338\">Schnelle Leistung und pr\u00e4zise Ergebnisse<\/strong><\/p>\n<\/li>\n<li data-start=\"1341\" data-end=\"1392\">\n<p data-start=\"1343\" data-end=\"1392\"><strong data-start=\"1343\" data-end=\"1390\">Moderne, einfache und benutzerfreundliche Oberfl\u00e4che<\/strong><\/p>\n<\/li>\n<li data-start=\"1393\" data-end=\"1438\">\n<p data-start=\"1395\" data-end=\"1438\"><strong data-start=\"1395\" data-end=\"1436\">sichere und datenschutzorientierte Verarbeitung<\/strong><\/p>\n<\/li>\n<li data-start=\"1439\" data-end=\"1480\">\n<p data-start=\"1441\" data-end=\"1480\"><strong data-start=\"1441\" data-end=\"1480\">N\u00fctzliche Funktionen f\u00fcr den Alltag<\/strong><\/p>\n<\/li>\n<\/ul>\n<p data-start=\"1482\" data-end=\"1640\">Unser Ziel ist es, eine der gr\u00f6\u00dften und hilfreichsten Werkzeugbibliotheken im Internet aufzubauen \u2013 und wir f\u00fcgen jede Woche neue Werkzeuge basierend auf dem Feedback unserer Nutzer hinzu.<\/p>\n<p data-start=\"1642\" data-end=\"1762\">Wenn Sie Vorschl\u00e4ge haben oder m\u00f6chten, dass wir ein neues Tool entwickeln, k\u00f6nnen Sie uns jederzeit kontaktieren unter:<br data-start=\"1733\" data-end=\"1736\" \/>\ud83d\udce9 <strong data-start=\"1739\" data-end=\"1762\"><a class=\"decorated-link cursor-pointer\" rel=\"noopener\" data-start=\"1741\" data-end=\"1760\">support@toolizo.com<\/a><\/strong><\/p>\n<p data-start=\"1764\" data-end=\"1833\">Vielen Dank, dass Sie sich f\u00fcr Toolizo.com entschieden haben \u2013 intelligente Werkzeuge f\u00fcr intelligentere Ergebnisse.<\/p>","protected":false},"excerpt":{"rendered":"<p>Welcome to Toolizo.com, your all-in-one destination for powerful, easy-to-use online tools and utilities. Our mission is simple: to make your [&hellip;]<\/p>","protected":false},"author":1,"featured_media":0,"parent":0,"menu_order":0,"comment_status":"closed","ping_status":"closed","template":"","meta":{"site-sidebar-layout":"default","site-content-layout":"","ast-site-content-layout":"default","site-content-style":"default","site-sidebar-style":"default","ast-global-header-display":"","ast-banner-title-visibility":"","ast-main-header-display":"","ast-hfb-above-header-display":"","ast-hfb-below-header-display":"","ast-hfb-mobile-header-display":"","site-post-title":"","ast-breadcrumbs-content":"","ast-featured-img":"","footer-sml-layout":"","ast-disable-related-posts":"","theme-transparent-header-meta":"default","adv-header-id-meta":"","stick-header-meta":"","header-above-stick-meta":"","header-main-stick-meta":"","header-below-stick-meta":"","astra-migrate-meta-layouts":"set","ast-page-background-enabled":"default","ast-page-background-meta":{"desktop":{"background-color":"var(--ast-global-color-5)","background-image":"","background-repeat":"repeat","background-position":"center center","background-size":"auto","background-attachment":"scroll","background-type":"","background-media":"","overlay-type":"","overlay-color":"","overlay-opacity":"","overlay-gradient":""},"tablet":{"background-color":"","background-image":"","background-repeat":"repeat","background-position":"center center","background-size":"auto","background-attachment":"scroll","background-type":"","background-media":"","overlay-type":"","overlay-color":"","overlay-opacity":"","overlay-gradient":""},"mobile":{"background-color":"","background-image":"","background-repeat":"repeat","background-position":"center center","background-size":"auto","background-attachment":"scroll","background-type":"","background-media":"","overlay-type":"","overlay-color":"","overlay-opacity":"","overlay-gradient":""}},"ast-content-background-meta":{"desktop":{"background-color":"var(--ast-global-color-4)","background-image":"","background-repeat":"repeat","background-position":"center center","background-size":"auto","background-attachment":"scroll","background-type":"","background-media":"","overlay-type":"","overlay-color":"","overlay-opacity":"","overlay-gradient":""},"tablet":{"background-color":"var(--ast-global-color-4)","background-image":"","background-repeat":"repeat","background-position":"center center","background-size":"auto","background-attachment":"scroll","background-type":"","background-media":"","overlay-type":"","overlay-color":"","overlay-opacity":"","overlay-gradient":""},"mobile":{"background-color":"var(--ast-global-color-4)","background-image":"","background-repeat":"repeat","background-position":"center center","background-size":"auto","background-attachment":"scroll","background-type":"","background-media":"","overlay-type":"","overlay-color":"","overlay-opacity":"","overlay-gradient":""}},"footnotes":""},"class_list":["post-24","page","type-page","status-publish","hentry"],"yoast_head":"<!-- This site is optimized with the Yoast SEO Premium plugin v25.9 (Yoast SEO v27.4) - https:\/\/yoast.com\/product\/yoast-seo-premium-wordpress\/ -->\n<title>About - Toolizo<\/title>\n<meta name=\"description\" content=\"Learn about Toolizo, your go\u2011to platform for smart tools and resources. Discover our mission to simplify tasks and empower productivity.\" \/>\n<meta name=\"robots\" content=\"index, follow, max-snippet:-1, max-image-preview:large, max-video-preview:-1\" \/>\n<link rel=\"canonical\" href=\"https:\/\/toolizo.com\/de\/about\/\" \/>\n<meta property=\"og:locale\" content=\"de_DE\" \/>\n<meta property=\"og:type\" content=\"article\" \/>\n<meta property=\"og:title\" content=\"About\" \/>\n<meta property=\"og:description\" content=\"Learn about Toolizo, your go\u2011to platform for smart tools and resources. Discover our mission to simplify tasks and empower productivity.\" \/>\n<meta property=\"og:url\" content=\"https:\/\/toolizo.com\/de\/about\/\" \/>\n<meta property=\"og:site_name\" content=\"Toolizo\" \/>\n<meta property=\"article:modified_time\" content=\"2026-04-23T18:24:03+00:00\" \/>\n<meta name=\"twitter:card\" content=\"summary_large_image\" \/>\n<meta name=\"twitter:label1\" content=\"Est. reading time\" \/>\n\t<meta name=\"twitter:data1\" content=\"1\u00a0Minute\" \/>\n<script type=\"application\/ld+json\" class=\"yoast-schema-graph\">{\"@context\":\"https:\\\/\\\/schema.org\",\"@graph\":[{\"@type\":\"WebPage\",\"@id\":\"https:\\\/\\\/toolizo.com\\\/about\\\/\",\"url\":\"https:\\\/\\\/toolizo.com\\\/about\\\/\",\"name\":\"About - Toolizo\",\"isPartOf\":{\"@id\":\"https:\\\/\\\/toolizo.com\\\/#website\"},\"datePublished\":\"2025-12-02T17:25:54+00:00\",\"dateModified\":\"2026-04-23T18:24:03+00:00\",\"description\":\"Learn about Toolizo, your go\u2011to platform for smart tools and resources. Discover our mission to simplify tasks and empower productivity.\",\"breadcrumb\":{\"@id\":\"https:\\\/\\\/toolizo.com\\\/about\\\/#breadcrumb\"},\"inLanguage\":\"de\",\"potentialAction\":[{\"@type\":\"ReadAction\",\"target\":[\"https:\\\/\\\/toolizo.com\\\/about\\\/\"]}]},{\"@type\":\"BreadcrumbList\",\"@id\":\"https:\\\/\\\/toolizo.com\\\/about\\\/#breadcrumb\",\"itemListElement\":[{\"@type\":\"ListItem\",\"position\":1,\"name\":\"Home\",\"item\":\"https:\\\/\\\/toolizo.com\\\/\"},{\"@type\":\"ListItem\",\"position\":2,\"name\":\"About\"}]},{\"@type\":\"WebSite\",\"@id\":\"https:\\\/\\\/toolizo.com\\\/#website\",\"url\":\"https:\\\/\\\/toolizo.com\\\/\",\"name\":\"Toolizo\",\"description\":\"\",\"publisher\":{\"@id\":\"https:\\\/\\\/toolizo.com\\\/#organization\"},\"potentialAction\":[{\"@type\":\"SearchAction\",\"target\":{\"@type\":\"EntryPoint\",\"urlTemplate\":\"https:\\\/\\\/toolizo.com\\\/?s={search_term_string}\"},\"query-input\":{\"@type\":\"PropertyValueSpecification\",\"valueRequired\":true,\"valueName\":\"search_term_string\"}}],\"inLanguage\":\"de\"},{\"@type\":\"Organization\",\"@id\":\"https:\\\/\\\/toolizo.com\\\/#organization\",\"name\":\"Toolizo\",\"url\":\"https:\\\/\\\/toolizo.com\\\/\",\"logo\":{\"@type\":\"ImageObject\",\"inLanguage\":\"de\",\"@id\":\"https:\\\/\\\/toolizo.com\\\/#\\\/schema\\\/logo\\\/image\\\/\",\"url\":\"https:\\\/\\\/toolizo.com\\\/wp-content\\\/uploads\\\/2026\\\/02\\\/cropped-Tool-1.png\",\"contentUrl\":\"https:\\\/\\\/toolizo.com\\\/wp-content\\\/uploads\\\/2026\\\/02\\\/cropped-Tool-1.png\",\"width\":699,\"height\":140,\"caption\":\"Toolizo\"},\"image\":{\"@id\":\"https:\\\/\\\/toolizo.com\\\/#\\\/schema\\\/logo\\\/image\\\/\"}}]}<\/script>\n<!-- \/ Yoast SEO Premium plugin. -->","yoast_head_json":{"title":"\u00dcber uns \u2013 Toolizo","description":"Lernen Sie Toolizo kennen, Ihre zentrale Plattform f\u00fcr intelligente Tools und Ressourcen. Entdecken Sie unsere Mission, Aufgaben zu vereinfachen und die Produktivit\u00e4t zu steigern.","robots":{"index":"index","follow":"follow","max-snippet":"max-snippet:-1","max-image-preview":"max-image-preview:large","max-video-preview":"max-video-preview:-1"},"canonical":"https:\/\/toolizo.com\/de\/about\/","og_locale":"de_DE","og_type":"article","og_title":"About","og_description":"Learn about Toolizo, your go\u2011to platform for smart tools and resources. Discover our mission to simplify tasks and empower productivity.","og_url":"https:\/\/toolizo.com\/de\/about\/","og_site_name":"Toolizo","article_modified_time":"2026-04-23T18:24:03+00:00","twitter_card":"summary_large_image","twitter_misc":{"Est. reading time":"1\u00a0Minute"},"schema":{"@context":"https:\/\/schema.org","@graph":[{"@type":"WebPage","@id":"https:\/\/toolizo.com\/about\/","url":"https:\/\/toolizo.com\/about\/","name":"\u00dcber uns \u2013 Toolizo","isPartOf":{"@id":"https:\/\/toolizo.com\/#website"},"datePublished":"2025-12-02T17:25:54+00:00","dateModified":"2026-04-23T18:24:03+00:00","description":"Lernen Sie Toolizo kennen, Ihre zentrale Plattform f\u00fcr intelligente Tools und Ressourcen. Entdecken Sie unsere Mission, Aufgaben zu vereinfachen und die Produktivit\u00e4t zu steigern.","breadcrumb":{"@id":"https:\/\/toolizo.com\/about\/#breadcrumb"},"inLanguage":"de","potentialAction":[{"@type":"ReadAction","target":["https:\/\/toolizo.com\/about\/"]}]},{"@type":"BreadcrumbList","@id":"https:\/\/toolizo.com\/about\/#breadcrumb","itemListElement":[{"@type":"ListItem","position":1,"name":"Home","item":"https:\/\/toolizo.com\/"},{"@type":"ListItem","position":2,"name":"About"}]},{"@type":"WebSite","@id":"https:\/\/toolizo.com\/#website","url":"https:\/\/toolizo.com\/","name":"Toolizo","description":"","publisher":{"@id":"https:\/\/toolizo.com\/#organization"},"potentialAction":[{"@type":"SearchAction","target":{"@type":"EntryPoint","urlTemplate":"https:\/\/toolizo.com\/?s={search_term_string}"},"query-input":{"@type":"PropertyValueSpecification","valueRequired":true,"valueName":"search_term_string"}}],"inLanguage":"de"},{"@type":"Organization","@id":"https:\/\/toolizo.com\/#organization","name":"Toolizo","url":"https:\/\/toolizo.com\/","logo":{"@type":"ImageObject","inLanguage":"de","@id":"https:\/\/toolizo.com\/#\/schema\/logo\/image\/","url":"https:\/\/toolizo.com\/wp-content\/uploads\/2026\/02\/cropped-Tool-1.png","contentUrl":"https:\/\/toolizo.com\/wp-content\/uploads\/2026\/02\/cropped-Tool-1.png","width":699,"height":140,"caption":"Toolizo"},"image":{"@id":"https:\/\/toolizo.com\/#\/schema\/logo\/image\/"}}]}},"_links":{"self":[{"href":"https:\/\/toolizo.com\/de\/wp-json\/wp\/v2\/pages\/24","targetHints":{"allow":["GET"]}}],"collection":[{"href":"https:\/\/toolizo.com\/de\/wp-json\/wp\/v2\/pages"}],"about":[{"href":"https:\/\/toolizo.com\/de\/wp-json\/wp\/v2\/types\/page"}],"author":[{"embeddable":true,"href":"https:\/\/toolizo.com\/de\/wp-json\/wp\/v2\/users\/1"}],"replies":[{"embeddable":true,"href":"https:\/\/toolizo.com\/de\/wp-json\/wp\/v2\/comments?post=24"}],"version-history":[{"count":2,"href":"https:\/\/toolizo.com\/de\/wp-json\/wp\/v2\/pages\/24\/revisions"}],"predecessor-version":[{"id":1407,"href":"https:\/\/toolizo.com\/de\/wp-json\/wp\/v2\/pages\/24\/revisions\/1407"}],"wp:attachment":[{"href":"https:\/\/toolizo.com\/de\/wp-json\/wp\/v2\/media?parent=24"}],"curies":[{"name":"wp","href":"https:\/\/api.w.org\/{rel}","templated":true}]}}