{"id":32,"date":"2025-12-02T17:43:56","date_gmt":"2025-12-02T17:43:56","guid":{"rendered":"https:\/\/toolizo.com\/?page_id=32"},"modified":"2026-04-23T18:25:53","modified_gmt":"2026-04-23T18:25:53","slug":"contact-us","status":"publish","type":"page","link":"https:\/\/toolizo.com\/de\/contact-us\/","title":{"rendered":"Kontaktieren Sie uns"},"content":{"rendered":"<p data-start=\"1912\" data-end=\"2071\">Wir sind immer f\u00fcr Sie da! Ob Sie eine Frage haben, Unterst\u00fctzung ben\u00f6tigen, ein Problem melden m\u00f6chten oder einen Vorschlag f\u00fcr ein neues Tool haben \u2013 wir freuen uns, von Ihnen zu h\u00f6ren.<\/p>\n<p data-start=\"2073\" data-end=\"2131\">Sie erreichen uns direkt unter:<br data-start=\"2102\" data-end=\"2105\" \/>\ud83d\udce9 <strong data-start=\"2108\" data-end=\"2131\"><a class=\"decorated-link cursor-pointer\" rel=\"noopener\" data-start=\"2110\" data-end=\"2129\">support@toolizo.com<\/a><\/strong><\/p>\n<p data-start=\"2133\" data-end=\"2332\">Bitte geben Sie so viele Details wie m\u00f6glich an, z. B. den Namen des Tools, eine Problembeschreibung, den Ger\u00e4tetyp oder gegebenenfalls einen Screenshot. Ihr Feedback hilft uns, unsere Tools zu verbessern und f\u00fcr alle Nutzer zu optimieren.<\/p>\n<p data-start=\"2334\" data-end=\"2371\">Wir bem\u00fchen uns, innerhalb von 24\u201348 Stunden zu antworten.<\/p>\n<p data-start=\"2373\" data-end=\"2415\">Vielen Dank f\u00fcr Ihre Kontaktaufnahme. <a href=\"https:\/\/toolizo.com\/de\/\">Toolizo.com<\/a>.<\/p>","protected":false},"excerpt":{"rendered":"<p>We\u2019re always here to help! Whether you have a question, need support, want to report an issue, or have a [&hellip;]<\/p>","protected":false},"author":1,"featured_media":0,"parent":0,"menu_order":0,"comment_status":"closed","ping_status":"closed","template":"","meta":{"site-sidebar-layout":"default","site-content-layout":"","ast-site-content-layout":"default","site-content-style":"default","site-sidebar-style":"default","ast-global-header-display":"","ast-banner-title-visibility":"","ast-main-header-display":"","ast-hfb-above-header-display":"","ast-hfb-below-header-display":"","ast-hfb-mobile-header-display":"","site-post-title":"","ast-breadcrumbs-content":"","ast-featured-img":"","footer-sml-layout":"","ast-disable-related-posts":"","theme-transparent-header-meta":"default","adv-header-id-meta":"","stick-header-meta":"","header-above-stick-meta":"","header-main-stick-meta":"","header-below-stick-meta":"","astra-migrate-meta-layouts":"set","ast-page-background-enabled":"default","ast-page-background-meta":{"desktop":{"background-color":"var(--ast-global-color-5)","background-image":"","background-repeat":"repeat","background-position":"center center","background-size":"auto","background-attachment":"scroll","background-type":"","background-media":"","overlay-type":"","overlay-color":"","overlay-opacity":"","overlay-gradient":""},"tablet":{"background-color":"","background-image":"","background-repeat":"repeat","background-position":"center center","background-size":"auto","background-attachment":"scroll","background-type":"","background-media":"","overlay-type":"","overlay-color":"","overlay-opacity":"","overlay-gradient":""},"mobile":{"background-color":"","background-image":"","background-repeat":"repeat","background-position":"center center","background-size":"auto","background-attachment":"scroll","background-type":"","background-media":"","overlay-type":"","overlay-color":"","overlay-opacity":"","overlay-gradient":""}},"ast-content-background-meta":{"desktop":{"background-color":"var(--ast-global-color-4)","background-image":"","background-repeat":"repeat","background-position":"center center","background-size":"auto","background-attachment":"scroll","background-type":"","background-media":"","overlay-type":"","overlay-color":"","overlay-opacity":"","overlay-gradient":""},"tablet":{"background-color":"var(--ast-global-color-4)","background-image":"","background-repeat":"repeat","background-position":"center center","background-size":"auto","background-attachment":"scroll","background-type":"","background-media":"","overlay-type":"","overlay-color":"","overlay-opacity":"","overlay-gradient":""},"mobile":{"background-color":"var(--ast-global-color-4)","background-image":"","background-repeat":"repeat","background-position":"center center","background-size":"auto","background-attachment":"scroll","background-type":"","background-media":"","overlay-type":"","overlay-color":"","overlay-opacity":"","overlay-gradient":""}},"footnotes":""},"class_list":["post-32","page","type-page","status-publish","hentry"],"yoast_head":"<!-- This site is optimized with the Yoast SEO Premium plugin v25.9 (Yoast SEO v27.4) - https:\/\/yoast.com\/product\/yoast-seo-premium-wordpress\/ -->\n<title>Contact Us - Toolizo<\/title>\n<meta name=\"description\" content=\"Contact Toolizo for support, feedback or inquiries. Get help with our tools and resources to boost your productivity and efficiency.\" \/>\n<meta name=\"robots\" content=\"index, follow, max-snippet:-1, max-image-preview:large, max-video-preview:-1\" \/>\n<link rel=\"canonical\" href=\"https:\/\/toolizo.com\/de\/contact-us\/\" \/>\n<meta property=\"og:locale\" content=\"de_DE\" \/>\n<meta property=\"og:type\" content=\"article\" \/>\n<meta property=\"og:title\" content=\"Contact Us\" \/>\n<meta property=\"og:description\" content=\"Contact Toolizo for support, feedback or inquiries. Get help with our tools and resources to boost your productivity and efficiency.\" \/>\n<meta property=\"og:url\" content=\"https:\/\/toolizo.com\/de\/contact-us\/\" \/>\n<meta property=\"og:site_name\" content=\"Toolizo\" \/>\n<meta property=\"article:modified_time\" content=\"2026-04-23T18:25:53+00:00\" \/>\n<meta name=\"twitter:card\" content=\"summary_large_image\" \/>\n<meta name=\"twitter:label1\" content=\"Est. reading time\" \/>\n\t<meta name=\"twitter:data1\" content=\"1\u00a0Minute\" \/>\n<script type=\"application\/ld+json\" class=\"yoast-schema-graph\">{\"@context\":\"https:\\\/\\\/schema.org\",\"@graph\":[{\"@type\":\"WebPage\",\"@id\":\"https:\\\/\\\/toolizo.com\\\/contact-us\\\/\",\"url\":\"https:\\\/\\\/toolizo.com\\\/contact-us\\\/\",\"name\":\"Contact Us - Toolizo\",\"isPartOf\":{\"@id\":\"https:\\\/\\\/toolizo.com\\\/#website\"},\"datePublished\":\"2025-12-02T17:43:56+00:00\",\"dateModified\":\"2026-04-23T18:25:53+00:00\",\"description\":\"Contact Toolizo for support, feedback or inquiries. Get help with our tools and resources to boost your productivity and efficiency.\",\"breadcrumb\":{\"@id\":\"https:\\\/\\\/toolizo.com\\\/contact-us\\\/#breadcrumb\"},\"inLanguage\":\"de\",\"potentialAction\":[{\"@type\":\"ReadAction\",\"target\":[\"https:\\\/\\\/toolizo.com\\\/contact-us\\\/\"]}]},{\"@type\":\"BreadcrumbList\",\"@id\":\"https:\\\/\\\/toolizo.com\\\/contact-us\\\/#breadcrumb\",\"itemListElement\":[{\"@type\":\"ListItem\",\"position\":1,\"name\":\"Home\",\"item\":\"https:\\\/\\\/toolizo.com\\\/\"},{\"@type\":\"ListItem\",\"position\":2,\"name\":\"Contact Us\"}]},{\"@type\":\"WebSite\",\"@id\":\"https:\\\/\\\/toolizo.com\\\/#website\",\"url\":\"https:\\\/\\\/toolizo.com\\\/\",\"name\":\"Toolizo\",\"description\":\"\",\"publisher\":{\"@id\":\"https:\\\/\\\/toolizo.com\\\/#organization\"},\"potentialAction\":[{\"@type\":\"SearchAction\",\"target\":{\"@type\":\"EntryPoint\",\"urlTemplate\":\"https:\\\/\\\/toolizo.com\\\/?s={search_term_string}\"},\"query-input\":{\"@type\":\"PropertyValueSpecification\",\"valueRequired\":true,\"valueName\":\"search_term_string\"}}],\"inLanguage\":\"de\"},{\"@type\":\"Organization\",\"@id\":\"https:\\\/\\\/toolizo.com\\\/#organization\",\"name\":\"Toolizo\",\"url\":\"https:\\\/\\\/toolizo.com\\\/\",\"logo\":{\"@type\":\"ImageObject\",\"inLanguage\":\"de\",\"@id\":\"https:\\\/\\\/toolizo.com\\\/#\\\/schema\\\/logo\\\/image\\\/\",\"url\":\"https:\\\/\\\/toolizo.com\\\/wp-content\\\/uploads\\\/2026\\\/02\\\/cropped-Tool-1.png\",\"contentUrl\":\"https:\\\/\\\/toolizo.com\\\/wp-content\\\/uploads\\\/2026\\\/02\\\/cropped-Tool-1.png\",\"width\":699,\"height\":140,\"caption\":\"Toolizo\"},\"image\":{\"@id\":\"https:\\\/\\\/toolizo.com\\\/#\\\/schema\\\/logo\\\/image\\\/\"}}]}<\/script>\n<!-- \/ Yoast SEO Premium plugin. -->","yoast_head_json":{"title":"Kontakt - Toolizo","description":"Kontaktieren Sie Toolizo f\u00fcr Support, Feedback oder Anfragen. Nutzen Sie unsere Tools und Ressourcen, um Ihre Produktivit\u00e4t und Effizienz zu steigern.","robots":{"index":"index","follow":"follow","max-snippet":"max-snippet:-1","max-image-preview":"max-image-preview:large","max-video-preview":"max-video-preview:-1"},"canonical":"https:\/\/toolizo.com\/de\/contact-us\/","og_locale":"de_DE","og_type":"article","og_title":"Contact Us","og_description":"Contact Toolizo for support, feedback or inquiries. Get help with our tools and resources to boost your productivity and efficiency.","og_url":"https:\/\/toolizo.com\/de\/contact-us\/","og_site_name":"Toolizo","article_modified_time":"2026-04-23T18:25:53+00:00","twitter_card":"summary_large_image","twitter_misc":{"Est. reading time":"1\u00a0Minute"},"schema":{"@context":"https:\/\/schema.org","@graph":[{"@type":"WebPage","@id":"https:\/\/toolizo.com\/contact-us\/","url":"https:\/\/toolizo.com\/contact-us\/","name":"Kontakt - Toolizo","isPartOf":{"@id":"https:\/\/toolizo.com\/#website"},"datePublished":"2025-12-02T17:43:56+00:00","dateModified":"2026-04-23T18:25:53+00:00","description":"Kontaktieren Sie Toolizo f\u00fcr Support, Feedback oder Anfragen. Nutzen Sie unsere Tools und Ressourcen, um Ihre Produktivit\u00e4t und Effizienz zu steigern.","breadcrumb":{"@id":"https:\/\/toolizo.com\/contact-us\/#breadcrumb"},"inLanguage":"de","potentialAction":[{"@type":"ReadAction","target":["https:\/\/toolizo.com\/contact-us\/"]}]},{"@type":"BreadcrumbList","@id":"https:\/\/toolizo.com\/contact-us\/#breadcrumb","itemListElement":[{"@type":"ListItem","position":1,"name":"Home","item":"https:\/\/toolizo.com\/"},{"@type":"ListItem","position":2,"name":"Contact Us"}]},{"@type":"WebSite","@id":"https:\/\/toolizo.com\/#website","url":"https:\/\/toolizo.com\/","name":"Toolizo","description":"","publisher":{"@id":"https:\/\/toolizo.com\/#organization"},"potentialAction":[{"@type":"SearchAction","target":{"@type":"EntryPoint","urlTemplate":"https:\/\/toolizo.com\/?s={search_term_string}"},"query-input":{"@type":"PropertyValueSpecification","valueRequired":true,"valueName":"search_term_string"}}],"inLanguage":"de"},{"@type":"Organization","@id":"https:\/\/toolizo.com\/#organization","name":"Toolizo","url":"https:\/\/toolizo.com\/","logo":{"@type":"ImageObject","inLanguage":"de","@id":"https:\/\/toolizo.com\/#\/schema\/logo\/image\/","url":"https:\/\/toolizo.com\/wp-content\/uploads\/2026\/02\/cropped-Tool-1.png","contentUrl":"https:\/\/toolizo.com\/wp-content\/uploads\/2026\/02\/cropped-Tool-1.png","width":699,"height":140,"caption":"Toolizo"},"image":{"@id":"https:\/\/toolizo.com\/#\/schema\/logo\/image\/"}}]}},"_links":{"self":[{"href":"https:\/\/toolizo.com\/de\/wp-json\/wp\/v2\/pages\/32","targetHints":{"allow":["GET"]}}],"collection":[{"href":"https:\/\/toolizo.com\/de\/wp-json\/wp\/v2\/pages"}],"about":[{"href":"https:\/\/toolizo.com\/de\/wp-json\/wp\/v2\/types\/page"}],"author":[{"embeddable":true,"href":"https:\/\/toolizo.com\/de\/wp-json\/wp\/v2\/users\/1"}],"replies":[{"embeddable":true,"href":"https:\/\/toolizo.com\/de\/wp-json\/wp\/v2\/comments?post=32"}],"version-history":[{"count":1,"href":"https:\/\/toolizo.com\/de\/wp-json\/wp\/v2\/pages\/32\/revisions"}],"predecessor-version":[{"id":1408,"href":"https:\/\/toolizo.com\/de\/wp-json\/wp\/v2\/pages\/32\/revisions\/1408"}],"wp:attachment":[{"href":"https:\/\/toolizo.com\/de\/wp-json\/wp\/v2\/media?parent=32"}],"curies":[{"name":"wp","href":"https:\/\/api.w.org\/{rel}","templated":true}]}}