{"id":38,"date":"2025-12-02T17:56:43","date_gmt":"2025-12-02T17:56:43","guid":{"rendered":"https:\/\/toolizo.com\/?page_id=38"},"modified":"2025-12-02T17:56:43","modified_gmt":"2025-12-02T17:56:43","slug":"dmca-policy","status":"publish","type":"page","link":"https:\/\/toolizo.com\/de\/dmca-policy\/","title":{"rendered":"DMCA-Richtlinie"},"content":{"rendered":"<p data-start=\"5183\" data-end=\"5392\"><a href=\"http:\/\/Toolizo.com\">Toolizo.com<\/a> Wir respektieren die Rechte am geistigen Eigentum anderer. Wenn Sie der Ansicht sind, dass Ihr urheberrechtlich gesch\u00fctztes Material ohne Ihre Erlaubnis auf unserer Website verwendet oder ver\u00f6ffentlicht wurde, k\u00f6nnen Sie einen Antrag auf Entfernung gem\u00e4\u00df DMCA stellen.<\/p>\n<h3 data-start=\"5394\" data-end=\"5435\"><strong data-start=\"5398\" data-end=\"5435\">F\u00fcr eine g\u00fcltige Anfrage m\u00fcssen Sie Folgendes angeben:<\/strong><\/h3>\n<ul data-start=\"5436\" data-end=\"5648\">\n<li data-start=\"5436\" data-end=\"5454\">\n<p data-start=\"5438\" data-end=\"5454\">Ihr vollst\u00e4ndiger Name<\/p>\n<\/li>\n<li data-start=\"5455\" data-end=\"5483\">\n<p data-start=\"5457\" data-end=\"5483\">Ihre Kontaktdaten<\/p>\n<\/li>\n<li data-start=\"5484\" data-end=\"5517\">\n<p data-start=\"5486\" data-end=\"5517\">URL des rechtsverletzenden Inhalts<\/p>\n<\/li>\n<li data-start=\"5518\" data-end=\"5540\">\n<p data-start=\"5520\" data-end=\"5540\">Eigentumsnachweis<\/p>\n<\/li>\n<li data-start=\"5541\" data-end=\"5577\">\n<p data-start=\"5543\" data-end=\"5577\">Eine Erkl\u00e4rung des Glaubens<\/p>\n<\/li>\n<li data-start=\"5578\" data-end=\"5618\">\n<p data-start=\"5580\" data-end=\"5618\">Eine eidesstattliche Erkl\u00e4rung<\/p>\n<\/li>\n<li data-start=\"5619\" data-end=\"5648\">\n<p data-start=\"5621\" data-end=\"5648\">Ihre elektronische Unterschrift<\/p>\n<\/li>\n<\/ul>\n<p data-start=\"5650\" data-end=\"5700\">Senden Sie DMCA-Mitteilungen an:<br data-start=\"5671\" data-end=\"5674\" \/>\ud83d\udce9 <strong data-start=\"5677\" data-end=\"5700\"><a class=\"decorated-link cursor-pointer\" rel=\"noopener\" data-start=\"5679\" data-end=\"5698\">support@toolizo.com<\/a><\/strong><\/p>\n<p data-start=\"5702\" data-end=\"5762\">Wir werden den Inhalt pr\u00fcfen und ihn entfernen, falls die Behauptung berechtigt ist.<\/p>\n<p data-start=\"5764\" data-end=\"5824\">Falsche oder betr\u00fcgerische Angaben k\u00f6nnen rechtliche Konsequenzen nach sich ziehen.<\/p>","protected":false},"excerpt":{"rendered":"<p>Toolizo.com respects the intellectual property rights of others. If you believe that your copyrighted material has been used or posted [&hellip;]<\/p>","protected":false},"author":1,"featured_media":0,"parent":0,"menu_order":0,"comment_status":"closed","ping_status":"closed","template":"","meta":{"site-sidebar-layout":"default","site-content-layout":"","ast-site-content-layout":"default","site-content-style":"default","site-sidebar-style":"default","ast-global-header-display":"","ast-banner-title-visibility":"","ast-main-header-display":"","ast-hfb-above-header-display":"","ast-hfb-below-header-display":"","ast-hfb-mobile-header-display":"","site-post-title":"","ast-breadcrumbs-content":"","ast-featured-img":"","footer-sml-layout":"","ast-disable-related-posts":"","theme-transparent-header-meta":"default","adv-header-id-meta":"","stick-header-meta":"","header-above-stick-meta":"","header-main-stick-meta":"","header-below-stick-meta":"","astra-migrate-meta-layouts":"set","ast-page-background-enabled":"default","ast-page-background-meta":{"desktop":{"background-color":"var(--ast-global-color-5)","background-image":"","background-repeat":"repeat","background-position":"center center","background-size":"auto","background-attachment":"scroll","background-type":"","background-media":"","overlay-type":"","overlay-color":"","overlay-opacity":"","overlay-gradient":""},"tablet":{"background-color":"","background-image":"","background-repeat":"repeat","background-position":"center center","background-size":"auto","background-attachment":"scroll","background-type":"","background-media":"","overlay-type":"","overlay-color":"","overlay-opacity":"","overlay-gradient":""},"mobile":{"background-color":"","background-image":"","background-repeat":"repeat","background-position":"center center","background-size":"auto","background-attachment":"scroll","background-type":"","background-media":"","overlay-type":"","overlay-color":"","overlay-opacity":"","overlay-gradient":""}},"ast-content-background-meta":{"desktop":{"background-color":"var(--ast-global-color-4)","background-image":"","background-repeat":"repeat","background-position":"center center","background-size":"auto","background-attachment":"scroll","background-type":"","background-media":"","overlay-type":"","overlay-color":"","overlay-opacity":"","overlay-gradient":""},"tablet":{"background-color":"var(--ast-global-color-4)","background-image":"","background-repeat":"repeat","background-position":"center center","background-size":"auto","background-attachment":"scroll","background-type":"","background-media":"","overlay-type":"","overlay-color":"","overlay-opacity":"","overlay-gradient":""},"mobile":{"background-color":"var(--ast-global-color-4)","background-image":"","background-repeat":"repeat","background-position":"center center","background-size":"auto","background-attachment":"scroll","background-type":"","background-media":"","overlay-type":"","overlay-color":"","overlay-opacity":"","overlay-gradient":""}},"footnotes":""},"class_list":["post-38","page","type-page","status-publish","hentry"],"yoast_head":"<!-- This site is optimized with the Yoast SEO Premium plugin v25.9 (Yoast SEO v27.4) - https:\/\/yoast.com\/product\/yoast-seo-premium-wordpress\/ -->\n<title>DMCA Policy - Toolizo<\/title>\n<meta name=\"robots\" content=\"index, follow, max-snippet:-1, max-image-preview:large, max-video-preview:-1\" \/>\n<link rel=\"canonical\" href=\"https:\/\/toolizo.com\/de\/dmca-policy\/\" \/>\n<meta property=\"og:locale\" content=\"de_DE\" \/>\n<meta property=\"og:type\" content=\"article\" \/>\n<meta property=\"og:title\" content=\"DMCA Policy\" \/>\n<meta property=\"og:description\" content=\"Toolizo.com respects the intellectual property rights of others. If you believe that your copyrighted material has been used or posted [&hellip;]\" \/>\n<meta property=\"og:url\" content=\"https:\/\/toolizo.com\/de\/dmca-policy\/\" \/>\n<meta property=\"og:site_name\" content=\"Toolizo\" \/>\n<meta name=\"twitter:card\" content=\"summary_large_image\" \/>\n<meta name=\"twitter:label1\" content=\"Est. reading time\" \/>\n\t<meta name=\"twitter:data1\" content=\"1\u00a0Minute\" \/>\n<script type=\"application\/ld+json\" class=\"yoast-schema-graph\">{\"@context\":\"https:\\\/\\\/schema.org\",\"@graph\":[{\"@type\":\"WebPage\",\"@id\":\"https:\\\/\\\/toolizo.com\\\/dmca-policy\\\/\",\"url\":\"https:\\\/\\\/toolizo.com\\\/dmca-policy\\\/\",\"name\":\"DMCA Policy - Toolizo\",\"isPartOf\":{\"@id\":\"https:\\\/\\\/toolizo.com\\\/#website\"},\"datePublished\":\"2025-12-02T17:56:43+00:00\",\"breadcrumb\":{\"@id\":\"https:\\\/\\\/toolizo.com\\\/dmca-policy\\\/#breadcrumb\"},\"inLanguage\":\"de\",\"potentialAction\":[{\"@type\":\"ReadAction\",\"target\":[\"https:\\\/\\\/toolizo.com\\\/dmca-policy\\\/\"]}]},{\"@type\":\"BreadcrumbList\",\"@id\":\"https:\\\/\\\/toolizo.com\\\/dmca-policy\\\/#breadcrumb\",\"itemListElement\":[{\"@type\":\"ListItem\",\"position\":1,\"name\":\"Home\",\"item\":\"https:\\\/\\\/toolizo.com\\\/\"},{\"@type\":\"ListItem\",\"position\":2,\"name\":\"DMCA Policy\"}]},{\"@type\":\"WebSite\",\"@id\":\"https:\\\/\\\/toolizo.com\\\/#website\",\"url\":\"https:\\\/\\\/toolizo.com\\\/\",\"name\":\"Toolizo\",\"description\":\"\",\"publisher\":{\"@id\":\"https:\\\/\\\/toolizo.com\\\/#organization\"},\"potentialAction\":[{\"@type\":\"SearchAction\",\"target\":{\"@type\":\"EntryPoint\",\"urlTemplate\":\"https:\\\/\\\/toolizo.com\\\/?s={search_term_string}\"},\"query-input\":{\"@type\":\"PropertyValueSpecification\",\"valueRequired\":true,\"valueName\":\"search_term_string\"}}],\"inLanguage\":\"de\"},{\"@type\":\"Organization\",\"@id\":\"https:\\\/\\\/toolizo.com\\\/#organization\",\"name\":\"Toolizo\",\"url\":\"https:\\\/\\\/toolizo.com\\\/\",\"logo\":{\"@type\":\"ImageObject\",\"inLanguage\":\"de\",\"@id\":\"https:\\\/\\\/toolizo.com\\\/#\\\/schema\\\/logo\\\/image\\\/\",\"url\":\"https:\\\/\\\/toolizo.com\\\/wp-content\\\/uploads\\\/2026\\\/02\\\/cropped-Tool-1.png\",\"contentUrl\":\"https:\\\/\\\/toolizo.com\\\/wp-content\\\/uploads\\\/2026\\\/02\\\/cropped-Tool-1.png\",\"width\":699,\"height\":140,\"caption\":\"Toolizo\"},\"image\":{\"@id\":\"https:\\\/\\\/toolizo.com\\\/#\\\/schema\\\/logo\\\/image\\\/\"}}]}<\/script>\n<!-- \/ Yoast SEO Premium plugin. -->","yoast_head_json":{"title":"DMCA-Richtlinie \u2013 Toolizo","robots":{"index":"index","follow":"follow","max-snippet":"max-snippet:-1","max-image-preview":"max-image-preview:large","max-video-preview":"max-video-preview:-1"},"canonical":"https:\/\/toolizo.com\/de\/dmca-policy\/","og_locale":"de_DE","og_type":"article","og_title":"DMCA Policy","og_description":"Toolizo.com respects the intellectual property rights of others. If you believe that your copyrighted material has been used or posted [&hellip;]","og_url":"https:\/\/toolizo.com\/de\/dmca-policy\/","og_site_name":"Toolizo","twitter_card":"summary_large_image","twitter_misc":{"Est. reading time":"1\u00a0Minute"},"schema":{"@context":"https:\/\/schema.org","@graph":[{"@type":"WebPage","@id":"https:\/\/toolizo.com\/dmca-policy\/","url":"https:\/\/toolizo.com\/dmca-policy\/","name":"DMCA-Richtlinie \u2013 Toolizo","isPartOf":{"@id":"https:\/\/toolizo.com\/#website"},"datePublished":"2025-12-02T17:56:43+00:00","breadcrumb":{"@id":"https:\/\/toolizo.com\/dmca-policy\/#breadcrumb"},"inLanguage":"de","potentialAction":[{"@type":"ReadAction","target":["https:\/\/toolizo.com\/dmca-policy\/"]}]},{"@type":"BreadcrumbList","@id":"https:\/\/toolizo.com\/dmca-policy\/#breadcrumb","itemListElement":[{"@type":"ListItem","position":1,"name":"Home","item":"https:\/\/toolizo.com\/"},{"@type":"ListItem","position":2,"name":"DMCA Policy"}]},{"@type":"WebSite","@id":"https:\/\/toolizo.com\/#website","url":"https:\/\/toolizo.com\/","name":"Toolizo","description":"","publisher":{"@id":"https:\/\/toolizo.com\/#organization"},"potentialAction":[{"@type":"SearchAction","target":{"@type":"EntryPoint","urlTemplate":"https:\/\/toolizo.com\/?s={search_term_string}"},"query-input":{"@type":"PropertyValueSpecification","valueRequired":true,"valueName":"search_term_string"}}],"inLanguage":"de"},{"@type":"Organization","@id":"https:\/\/toolizo.com\/#organization","name":"Toolizo","url":"https:\/\/toolizo.com\/","logo":{"@type":"ImageObject","inLanguage":"de","@id":"https:\/\/toolizo.com\/#\/schema\/logo\/image\/","url":"https:\/\/toolizo.com\/wp-content\/uploads\/2026\/02\/cropped-Tool-1.png","contentUrl":"https:\/\/toolizo.com\/wp-content\/uploads\/2026\/02\/cropped-Tool-1.png","width":699,"height":140,"caption":"Toolizo"},"image":{"@id":"https:\/\/toolizo.com\/#\/schema\/logo\/image\/"}}]}},"_links":{"self":[{"href":"https:\/\/toolizo.com\/de\/wp-json\/wp\/v2\/pages\/38","targetHints":{"allow":["GET"]}}],"collection":[{"href":"https:\/\/toolizo.com\/de\/wp-json\/wp\/v2\/pages"}],"about":[{"href":"https:\/\/toolizo.com\/de\/wp-json\/wp\/v2\/types\/page"}],"author":[{"embeddable":true,"href":"https:\/\/toolizo.com\/de\/wp-json\/wp\/v2\/users\/1"}],"replies":[{"embeddable":true,"href":"https:\/\/toolizo.com\/de\/wp-json\/wp\/v2\/comments?post=38"}],"version-history":[{"count":0,"href":"https:\/\/toolizo.com\/de\/wp-json\/wp\/v2\/pages\/38\/revisions"}],"wp:attachment":[{"href":"https:\/\/toolizo.com\/de\/wp-json\/wp\/v2\/media?parent=38"}],"curies":[{"name":"wp","href":"https:\/\/api.w.org\/{rel}","templated":true}]}}