{"id":95,"date":"2025-12-02T19:23:19","date_gmt":"2025-12-02T19:23:19","guid":{"rendered":"https:\/\/toolizo.com\/?page_id=95"},"modified":"2026-04-23T18:27:22","modified_gmt":"2026-04-23T18:27:22","slug":"faique-ahmad","status":"publish","type":"page","link":"https:\/\/toolizo.com\/de\/faique-ahmad\/","title":{"rendered":"Faique Ahmad"},"content":{"rendered":"<h2><strong>\u00dcber mich<\/strong><\/h2>\n<p>Willkommen auf meiner Autorenseite! Ich bin Faique Ahmad, der Sch\u00f6pfer von <a href=\"http:\/\/Toolizo.com\"><strong>Toolizo.com<\/strong><\/a>Eine Plattform, die schnelle, einfache und zuverl\u00e4ssige Online-Tools bietet, die Ihre t\u00e4glichen Aufgaben erleichtern. Mein Ziel ist es, eine Sammlung hochwertiger Hilfsprogramme \u2013 Rechner, KI-Tools, Generatoren, Formatierer und Produktivit\u00e4tstools \u2013 an einem \u00fcbersichtlichen und benutzerfreundlichen Ort zu vereinen.<\/p>\n<p>Ich bin der Meinung, dass Online-Tools Folgendes sein sollten:<br \/>\n\u2714 Kostenlos<br \/>\n\u2714 Einfache Anwendung<br \/>\n\u2714 Genau<br \/>\n\u2714 F\u00fcr alle zug\u00e4nglich<br \/>\nUnd genau das liefert Toolizo.<\/p>\n<hr \/>\n<h2><strong>Was ich mache<\/strong><\/h2>\n<p>Ich recherchiere, entwickle und ver\u00f6ffentliche Tools, die reale Probleme f\u00fcr Studierende, Kreative, Freiberufler, Unternehmer und Alltagsnutzer l\u00f6sen. Jedes Tool wird mit Sorgfalt entwickelt und legt Wert auf:<\/p>\n<ul>\n<li>Einfache und intuitive Benutzererfahrung<\/li>\n<li>Schnelle und genaue Berechnungen<\/li>\n<li>Mobilfreundliche, leichtgewichtige Schnittstelle<\/li>\n<li>Saubere, sichere und datenschutzorientierte Entwicklung<\/li>\n<\/ul>\n<p>Jedes Tool auf Toolizo wurde entwickelt, um Ihnen Zeit zu sparen und Ihnen bei der Erledigung von Aufgaben zu helfen, ohne dass Sie Apps installieren oder Konten erstellen m\u00fcssen.<\/p>\n<hr \/>\n<h2><strong>Meine Mission<\/strong><\/h2>\n<p>Meine Mission ist es, <a href=\"http:\/\/Toolizo.com\">Toolizo.com<\/a> eine vertrauensw\u00fcrdige Anlaufstelle f\u00fcr:<\/p>\n<ul>\n<li>T\u00e4gliche Nebenkosten<\/li>\n<li>Professionelle Taschenrechner<\/li>\n<li>Praktische, n\u00fctzliche Werkzeuge<\/li>\n<li>Kleine Produktivit\u00e4tshelfer<\/li>\n<li>Intelligente Web-KI-Apps f\u00fcr schnelle Aufgaben<\/li>\n<\/ul>\n<p>Egal ob Sie Berechnungen durchf\u00fchren, KI-Leistung nutzen, Texte generieren oder Zahlen analysieren \u2013 Toolizo ist da, um Ihnen die Arbeit zu erleichtern.<\/p>\n<hr \/>\n<h2><strong>Warum Toolizo?<\/strong><\/h2>\n<ul>\n<li>Die Tools werden regelm\u00e4\u00dfig aktualisiert.<\/li>\n<li>Sicher und datenschutzorientiert<\/li>\n<li>Entwickelt f\u00fcr globale Nutzer<\/li>\n<li>100 % kostenlos und jederzeit zug\u00e4nglich<\/li>\n<li>Wir verbessern uns st\u00e4ndig auf Basis von Nutzerfeedback.<\/li>\n<\/ul>\n<hr \/>\n<h2><strong>Lass uns in Kontakt bleiben<\/strong><\/h2>\n<p>Haben Sie eine Tool-Idee? Ben\u00f6tigen Sie Unterst\u00fctzung? M\u00f6chten Sie ein Problem melden?<\/p>\n<p>Ich w\u00fcrde mich freuen, von Ihnen zu h\u00f6ren.<\/p>\n<p>\ud83d\udce9 <strong>E-Mail:<\/strong> <a href=\"mailto:support@toolizo.com\">support@toolizo.com<\/a><br \/>\n\ud83c\udf10 <strong>Webseite:<\/strong> <a href=\"https:\/\/toolizo.com\/de\/\">https:\/\/toolizo.com\/<\/a><\/p>\n<p>Meine Werkzeuge: <a href=\"https:\/\/toolizo.com\/de\/all-tools\/\">https:\/\/toolizo.com\/all-tools\/<\/a><\/p>\n<p>Blog lesen: <a href=\"https:\/\/toolizo.com\/de\/blog\/\">https:\/\/toolizo.com\/blog\/<\/a><\/p>\n<p>Ihr Feedback hilft mir, bessere und intelligentere Tools f\u00fcr alle zu entwickeln.<\/p>\n<hr \/>\n<p>&nbsp;<\/p>","protected":false},"excerpt":{"rendered":"<p>About Me Welcome to my author page! I\u2019m Faique Ahmad the creator behind Toolizo.com, a platform built to provide fast, [&hellip;]<\/p>","protected":false},"author":1,"featured_media":0,"parent":0,"menu_order":0,"comment_status":"closed","ping_status":"closed","template":"","meta":{"site-sidebar-layout":"default","site-content-layout":"","ast-site-content-layout":"default","site-content-style":"default","site-sidebar-style":"default","ast-global-header-display":"","ast-banner-title-visibility":"","ast-main-header-display":"","ast-hfb-above-header-display":"","ast-hfb-below-header-display":"","ast-hfb-mobile-header-display":"","site-post-title":"","ast-breadcrumbs-content":"","ast-featured-img":"","footer-sml-layout":"","ast-disable-related-posts":"","theme-transparent-header-meta":"default","adv-header-id-meta":"","stick-header-meta":"","header-above-stick-meta":"","header-main-stick-meta":"","header-below-stick-meta":"","astra-migrate-meta-layouts":"set","ast-page-background-enabled":"default","ast-page-background-meta":{"desktop":{"background-color":"var(--ast-global-color-5)","background-image":"","background-repeat":"repeat","background-position":"center center","background-size":"auto","background-attachment":"scroll","background-type":"","background-media":"","overlay-type":"","overlay-color":"","overlay-opacity":"","overlay-gradient":""},"tablet":{"background-color":"","background-image":"","background-repeat":"repeat","background-position":"center center","background-size":"auto","background-attachment":"scroll","background-type":"","background-media":"","overlay-type":"","overlay-color":"","overlay-opacity":"","overlay-gradient":""},"mobile":{"background-color":"","background-image":"","background-repeat":"repeat","background-position":"center center","background-size":"auto","background-attachment":"scroll","background-type":"","background-media":"","overlay-type":"","overlay-color":"","overlay-opacity":"","overlay-gradient":""}},"ast-content-background-meta":{"desktop":{"background-color":"var(--ast-global-color-4)","background-image":"","background-repeat":"repeat","background-position":"center center","background-size":"auto","background-attachment":"scroll","background-type":"","background-media":"","overlay-type":"","overlay-color":"","overlay-opacity":"","overlay-gradient":""},"tablet":{"background-color":"var(--ast-global-color-4)","background-image":"","background-repeat":"repeat","background-position":"center center","background-size":"auto","background-attachment":"scroll","background-type":"","background-media":"","overlay-type":"","overlay-color":"","overlay-opacity":"","overlay-gradient":""},"mobile":{"background-color":"var(--ast-global-color-4)","background-image":"","background-repeat":"repeat","background-position":"center center","background-size":"auto","background-attachment":"scroll","background-type":"","background-media":"","overlay-type":"","overlay-color":"","overlay-opacity":"","overlay-gradient":""}},"footnotes":""},"class_list":["post-95","page","type-page","status-publish","hentry"],"yoast_head":"<!-- This site is optimized with the Yoast SEO Premium plugin v25.9 (Yoast SEO v27.4) - https:\/\/yoast.com\/product\/yoast-seo-premium-wordpress\/ -->\n<title>Faique Ahmad - Toolizo<\/title>\n<meta name=\"description\" content=\"Learn about Faique Ahmad, Member of Team FS and author of expert guides on online tools, digital growth, and productivity.\" \/>\n<meta name=\"robots\" content=\"index, follow, max-snippet:-1, max-image-preview:large, max-video-preview:-1\" \/>\n<link rel=\"canonical\" href=\"https:\/\/toolizo.com\/de\/faique-ahmad\/\" \/>\n<meta property=\"og:locale\" content=\"de_DE\" \/>\n<meta property=\"og:type\" content=\"article\" \/>\n<meta property=\"og:title\" content=\"Faique Ahmad\" \/>\n<meta property=\"og:description\" content=\"Learn about Faique Ahmad, Member of Team FS and author of expert guides on online tools, digital growth, and productivity.\" \/>\n<meta property=\"og:url\" content=\"https:\/\/toolizo.com\/de\/faique-ahmad\/\" \/>\n<meta property=\"og:site_name\" content=\"Toolizo\" \/>\n<meta property=\"article:modified_time\" content=\"2026-04-23T18:27:22+00:00\" \/>\n<meta name=\"twitter:card\" content=\"summary_large_image\" \/>\n<meta name=\"twitter:label1\" content=\"Est. reading time\" \/>\n\t<meta name=\"twitter:data1\" content=\"2\u00a0Minuten\" \/>\n<script type=\"application\/ld+json\" class=\"yoast-schema-graph\">{\"@context\":\"https:\\\/\\\/schema.org\",\"@graph\":[{\"@type\":\"WebPage\",\"@id\":\"https:\\\/\\\/toolizo.com\\\/faique-ahmad\\\/\",\"url\":\"https:\\\/\\\/toolizo.com\\\/faique-ahmad\\\/\",\"name\":\"Faique Ahmad - Toolizo\",\"isPartOf\":{\"@id\":\"https:\\\/\\\/toolizo.com\\\/#website\"},\"datePublished\":\"2025-12-02T19:23:19+00:00\",\"dateModified\":\"2026-04-23T18:27:22+00:00\",\"description\":\"Learn about Faique Ahmad, Member of Team FS and author of expert guides on online tools, digital growth, and productivity.\",\"breadcrumb\":{\"@id\":\"https:\\\/\\\/toolizo.com\\\/faique-ahmad\\\/#breadcrumb\"},\"inLanguage\":\"de\",\"potentialAction\":[{\"@type\":\"ReadAction\",\"target\":[\"https:\\\/\\\/toolizo.com\\\/faique-ahmad\\\/\"]}]},{\"@type\":\"BreadcrumbList\",\"@id\":\"https:\\\/\\\/toolizo.com\\\/faique-ahmad\\\/#breadcrumb\",\"itemListElement\":[{\"@type\":\"ListItem\",\"position\":1,\"name\":\"Home\",\"item\":\"https:\\\/\\\/toolizo.com\\\/\"},{\"@type\":\"ListItem\",\"position\":2,\"name\":\"Faique Ahmad\"}]},{\"@type\":\"WebSite\",\"@id\":\"https:\\\/\\\/toolizo.com\\\/#website\",\"url\":\"https:\\\/\\\/toolizo.com\\\/\",\"name\":\"Toolizo\",\"description\":\"\",\"publisher\":{\"@id\":\"https:\\\/\\\/toolizo.com\\\/#organization\"},\"potentialAction\":[{\"@type\":\"SearchAction\",\"target\":{\"@type\":\"EntryPoint\",\"urlTemplate\":\"https:\\\/\\\/toolizo.com\\\/?s={search_term_string}\"},\"query-input\":{\"@type\":\"PropertyValueSpecification\",\"valueRequired\":true,\"valueName\":\"search_term_string\"}}],\"inLanguage\":\"de\"},{\"@type\":\"Organization\",\"@id\":\"https:\\\/\\\/toolizo.com\\\/#organization\",\"name\":\"Toolizo\",\"url\":\"https:\\\/\\\/toolizo.com\\\/\",\"logo\":{\"@type\":\"ImageObject\",\"inLanguage\":\"de\",\"@id\":\"https:\\\/\\\/toolizo.com\\\/#\\\/schema\\\/logo\\\/image\\\/\",\"url\":\"https:\\\/\\\/toolizo.com\\\/wp-content\\\/uploads\\\/2026\\\/02\\\/cropped-Tool-1.png\",\"contentUrl\":\"https:\\\/\\\/toolizo.com\\\/wp-content\\\/uploads\\\/2026\\\/02\\\/cropped-Tool-1.png\",\"width\":699,\"height\":140,\"caption\":\"Toolizo\"},\"image\":{\"@id\":\"https:\\\/\\\/toolizo.com\\\/#\\\/schema\\\/logo\\\/image\\\/\"}}]}<\/script>\n<!-- \/ Yoast SEO Premium plugin. -->","yoast_head_json":{"title":"Faique Ahmad - Toolizo","description":"Lernen Sie Faique Ahmad kennen, Mitglied des Team FS und Autor von Expertenratgebern zu Online-Tools, digitalem Wachstum und Produktivit\u00e4t.","robots":{"index":"index","follow":"follow","max-snippet":"max-snippet:-1","max-image-preview":"max-image-preview:large","max-video-preview":"max-video-preview:-1"},"canonical":"https:\/\/toolizo.com\/de\/faique-ahmad\/","og_locale":"de_DE","og_type":"article","og_title":"Faique Ahmad","og_description":"Learn about Faique Ahmad, Member of Team FS and author of expert guides on online tools, digital growth, and productivity.","og_url":"https:\/\/toolizo.com\/de\/faique-ahmad\/","og_site_name":"Toolizo","article_modified_time":"2026-04-23T18:27:22+00:00","twitter_card":"summary_large_image","twitter_misc":{"Est. reading time":"2\u00a0Minuten"},"schema":{"@context":"https:\/\/schema.org","@graph":[{"@type":"WebPage","@id":"https:\/\/toolizo.com\/faique-ahmad\/","url":"https:\/\/toolizo.com\/faique-ahmad\/","name":"Faique Ahmad - Toolizo","isPartOf":{"@id":"https:\/\/toolizo.com\/#website"},"datePublished":"2025-12-02T19:23:19+00:00","dateModified":"2026-04-23T18:27:22+00:00","description":"Lernen Sie Faique Ahmad kennen, Mitglied des Team FS und Autor von Expertenratgebern zu Online-Tools, digitalem Wachstum und Produktivit\u00e4t.","breadcrumb":{"@id":"https:\/\/toolizo.com\/faique-ahmad\/#breadcrumb"},"inLanguage":"de","potentialAction":[{"@type":"ReadAction","target":["https:\/\/toolizo.com\/faique-ahmad\/"]}]},{"@type":"BreadcrumbList","@id":"https:\/\/toolizo.com\/faique-ahmad\/#breadcrumb","itemListElement":[{"@type":"ListItem","position":1,"name":"Home","item":"https:\/\/toolizo.com\/"},{"@type":"ListItem","position":2,"name":"Faique Ahmad"}]},{"@type":"WebSite","@id":"https:\/\/toolizo.com\/#website","url":"https:\/\/toolizo.com\/","name":"Toolizo","description":"","publisher":{"@id":"https:\/\/toolizo.com\/#organization"},"potentialAction":[{"@type":"SearchAction","target":{"@type":"EntryPoint","urlTemplate":"https:\/\/toolizo.com\/?s={search_term_string}"},"query-input":{"@type":"PropertyValueSpecification","valueRequired":true,"valueName":"search_term_string"}}],"inLanguage":"de"},{"@type":"Organization","@id":"https:\/\/toolizo.com\/#organization","name":"Toolizo","url":"https:\/\/toolizo.com\/","logo":{"@type":"ImageObject","inLanguage":"de","@id":"https:\/\/toolizo.com\/#\/schema\/logo\/image\/","url":"https:\/\/toolizo.com\/wp-content\/uploads\/2026\/02\/cropped-Tool-1.png","contentUrl":"https:\/\/toolizo.com\/wp-content\/uploads\/2026\/02\/cropped-Tool-1.png","width":699,"height":140,"caption":"Toolizo"},"image":{"@id":"https:\/\/toolizo.com\/#\/schema\/logo\/image\/"}}]}},"_links":{"self":[{"href":"https:\/\/toolizo.com\/de\/wp-json\/wp\/v2\/pages\/95","targetHints":{"allow":["GET"]}}],"collection":[{"href":"https:\/\/toolizo.com\/de\/wp-json\/wp\/v2\/pages"}],"about":[{"href":"https:\/\/toolizo.com\/de\/wp-json\/wp\/v2\/types\/page"}],"author":[{"embeddable":true,"href":"https:\/\/toolizo.com\/de\/wp-json\/wp\/v2\/users\/1"}],"replies":[{"embeddable":true,"href":"https:\/\/toolizo.com\/de\/wp-json\/wp\/v2\/comments?post=95"}],"version-history":[{"count":2,"href":"https:\/\/toolizo.com\/de\/wp-json\/wp\/v2\/pages\/95\/revisions"}],"predecessor-version":[{"id":1243,"href":"https:\/\/toolizo.com\/de\/wp-json\/wp\/v2\/pages\/95\/revisions\/1243"}],"wp:attachment":[{"href":"https:\/\/toolizo.com\/de\/wp-json\/wp\/v2\/media?parent=95"}],"curies":[{"name":"wp","href":"https:\/\/api.w.org\/{rel}","templated":true}]}}