{"id":24,"date":"2025-12-02T17:25:54","date_gmt":"2025-12-02T17:25:54","guid":{"rendered":"https:\/\/toolizo.com\/?page_id=24"},"modified":"2026-04-23T18:24:03","modified_gmt":"2026-04-23T18:24:03","slug":"about","status":"publish","type":"page","link":"https:\/\/toolizo.com\/es\/about\/","title":{"rendered":"Acerca de"},"content":{"rendered":"<p data-start=\"648\" data-end=\"919\">Bienvenido a <a href=\"https:\/\/toolizo.com\/es\/\"><strong data-start=\"659\" data-end=\"674\">Toolizo.com<\/strong><\/a>, tu destino \u00fanico para herramientas y utilidades en l\u00ednea potentes y f\u00e1ciles de usar. Nuestra misi\u00f3n es simple: hacer que tus tareas digitales cotidianas sean m\u00e1s r\u00e1pidas, inteligentes y c\u00f3modas, sin necesidad de descargar ning\u00fan software ni crear una cuenta.<\/p>\n<p data-start=\"921\" data-end=\"1179\">En Toolizo, ofrecemos una colecci\u00f3n cada vez mayor de <strong data-start=\"968\" data-end=\"1111\">herramientas de productividad, utilidades de c\u00e1lculo, herramientas de IA en l\u00ednea, asistentes de SEO, herramientas de texto, utilidades para redes sociales y muchas m\u00e1s funciones inteligentes.<\/strong> Dise\u00f1ado para estudiantes, creadores, aut\u00f3nomos y usuarios cotidianos.<\/p>\n<p data-start=\"1181\" data-end=\"1293\">Creemos que Internet debe ser simple y \u00fatil. Por eso, cada herramienta en <a href=\"https:\/\/toolizo.com\/es\/\">Toolizo.com<\/a> se crea con:<\/p>\n<ul data-start=\"1295\" data-end=\"1480\">\n<li data-start=\"1295\" data-end=\"1340\">\n<p data-start=\"1297\" data-end=\"1340\"><strong data-start=\"1297\" data-end=\"1338\">Rendimiento r\u00e1pido y resultados precisos.<\/strong><\/p>\n<\/li>\n<li data-start=\"1341\" data-end=\"1392\">\n<p data-start=\"1343\" data-end=\"1392\"><strong data-start=\"1343\" data-end=\"1390\">Interfaz moderna, sencilla y f\u00e1cil de usar.<\/strong><\/p>\n<\/li>\n<li data-start=\"1393\" data-end=\"1438\">\n<p data-start=\"1395\" data-end=\"1438\"><strong data-start=\"1395\" data-end=\"1436\">Procesamiento seguro y centrado en la privacidad<\/strong><\/p>\n<\/li>\n<li data-start=\"1439\" data-end=\"1480\">\n<p data-start=\"1441\" data-end=\"1480\"><strong data-start=\"1441\" data-end=\"1480\">Funciones \u00fatiles para necesidades de la vida real<\/strong><\/p>\n<\/li>\n<\/ul>\n<p data-start=\"1482\" data-end=\"1640\">Nuestro objetivo es crear una de las bibliotecas de herramientas m\u00e1s grandes y \u00fatiles de internet, y continuamente a\u00f1adimos nuevas herramientas cada semana bas\u00e1ndonos en los comentarios de los usuarios.<\/p>\n<p data-start=\"1642\" data-end=\"1762\">Si tiene alguna sugerencia o desea que desarrollemos una nueva herramienta, no dude en ponerse en contacto con nosotros en cualquier momento a trav\u00e9s de:<br data-start=\"1733\" data-end=\"1736\" \/>\ud83d\udce9 <strong data-start=\"1739\" data-end=\"1762\"><a class=\"decorated-link cursor-pointer\" rel=\"noopener\" data-start=\"1741\" data-end=\"1760\">soporte@toolizo.com<\/a><\/strong><\/p>\n<p data-start=\"1764\" data-end=\"1833\">Gracias por elegir Toolizo.com: herramientas inteligentes para obtener mejores resultados.<\/p>","protected":false},"excerpt":{"rendered":"<p>Welcome to Toolizo.com, your all-in-one destination for powerful, easy-to-use online tools and utilities. Our mission is simple: to make your [&hellip;]<\/p>","protected":false},"author":1,"featured_media":0,"parent":0,"menu_order":0,"comment_status":"closed","ping_status":"closed","template":"","meta":{"site-sidebar-layout":"default","site-content-layout":"","ast-site-content-layout":"default","site-content-style":"default","site-sidebar-style":"default","ast-global-header-display":"","ast-banner-title-visibility":"","ast-main-header-display":"","ast-hfb-above-header-display":"","ast-hfb-below-header-display":"","ast-hfb-mobile-header-display":"","site-post-title":"","ast-breadcrumbs-content":"","ast-featured-img":"","footer-sml-layout":"","ast-disable-related-posts":"","theme-transparent-header-meta":"default","adv-header-id-meta":"","stick-header-meta":"","header-above-stick-meta":"","header-main-stick-meta":"","header-below-stick-meta":"","astra-migrate-meta-layouts":"set","ast-page-background-enabled":"default","ast-page-background-meta":{"desktop":{"background-color":"var(--ast-global-color-5)","background-image":"","background-repeat":"repeat","background-position":"center center","background-size":"auto","background-attachment":"scroll","background-type":"","background-media":"","overlay-type":"","overlay-color":"","overlay-opacity":"","overlay-gradient":""},"tablet":{"background-color":"","background-image":"","background-repeat":"repeat","background-position":"center center","background-size":"auto","background-attachment":"scroll","background-type":"","background-media":"","overlay-type":"","overlay-color":"","overlay-opacity":"","overlay-gradient":""},"mobile":{"background-color":"","background-image":"","background-repeat":"repeat","background-position":"center center","background-size":"auto","background-attachment":"scroll","background-type":"","background-media":"","overlay-type":"","overlay-color":"","overlay-opacity":"","overlay-gradient":""}},"ast-content-background-meta":{"desktop":{"background-color":"var(--ast-global-color-4)","background-image":"","background-repeat":"repeat","background-position":"center center","background-size":"auto","background-attachment":"scroll","background-type":"","background-media":"","overlay-type":"","overlay-color":"","overlay-opacity":"","overlay-gradient":""},"tablet":{"background-color":"var(--ast-global-color-4)","background-image":"","background-repeat":"repeat","background-position":"center center","background-size":"auto","background-attachment":"scroll","background-type":"","background-media":"","overlay-type":"","overlay-color":"","overlay-opacity":"","overlay-gradient":""},"mobile":{"background-color":"var(--ast-global-color-4)","background-image":"","background-repeat":"repeat","background-position":"center center","background-size":"auto","background-attachment":"scroll","background-type":"","background-media":"","overlay-type":"","overlay-color":"","overlay-opacity":"","overlay-gradient":""}},"footnotes":""},"class_list":["post-24","page","type-page","status-publish","hentry"],"yoast_head":"<!-- This site is optimized with the Yoast SEO Premium plugin v25.9 (Yoast SEO v27.4) - https:\/\/yoast.com\/product\/yoast-seo-premium-wordpress\/ -->\n<title>About - Toolizo<\/title>\n<meta name=\"description\" content=\"Learn about Toolizo, your go\u2011to platform for smart tools and resources. Discover our mission to simplify tasks and empower productivity.\" \/>\n<meta name=\"robots\" content=\"index, follow, max-snippet:-1, max-image-preview:large, max-video-preview:-1\" \/>\n<link rel=\"canonical\" href=\"https:\/\/toolizo.com\/es\/about\/\" \/>\n<meta property=\"og:locale\" content=\"es_ES\" \/>\n<meta property=\"og:type\" content=\"article\" \/>\n<meta property=\"og:title\" content=\"About\" \/>\n<meta property=\"og:description\" content=\"Learn about Toolizo, your go\u2011to platform for smart tools and resources. Discover our mission to simplify tasks and empower productivity.\" \/>\n<meta property=\"og:url\" content=\"https:\/\/toolizo.com\/es\/about\/\" \/>\n<meta property=\"og:site_name\" content=\"Toolizo\" \/>\n<meta property=\"article:modified_time\" content=\"2026-04-23T18:24:03+00:00\" \/>\n<meta name=\"twitter:card\" content=\"summary_large_image\" \/>\n<meta name=\"twitter:label1\" content=\"Est. reading time\" \/>\n\t<meta name=\"twitter:data1\" content=\"1 minuto\" \/>\n<script type=\"application\/ld+json\" class=\"yoast-schema-graph\">{\"@context\":\"https:\\\/\\\/schema.org\",\"@graph\":[{\"@type\":\"WebPage\",\"@id\":\"https:\\\/\\\/toolizo.com\\\/about\\\/\",\"url\":\"https:\\\/\\\/toolizo.com\\\/about\\\/\",\"name\":\"About - Toolizo\",\"isPartOf\":{\"@id\":\"https:\\\/\\\/toolizo.com\\\/#website\"},\"datePublished\":\"2025-12-02T17:25:54+00:00\",\"dateModified\":\"2026-04-23T18:24:03+00:00\",\"description\":\"Learn about Toolizo, your go\u2011to platform for smart tools and resources. Discover our mission to simplify tasks and empower productivity.\",\"breadcrumb\":{\"@id\":\"https:\\\/\\\/toolizo.com\\\/about\\\/#breadcrumb\"},\"inLanguage\":\"es\",\"potentialAction\":[{\"@type\":\"ReadAction\",\"target\":[\"https:\\\/\\\/toolizo.com\\\/about\\\/\"]}]},{\"@type\":\"BreadcrumbList\",\"@id\":\"https:\\\/\\\/toolizo.com\\\/about\\\/#breadcrumb\",\"itemListElement\":[{\"@type\":\"ListItem\",\"position\":1,\"name\":\"Home\",\"item\":\"https:\\\/\\\/toolizo.com\\\/\"},{\"@type\":\"ListItem\",\"position\":2,\"name\":\"About\"}]},{\"@type\":\"WebSite\",\"@id\":\"https:\\\/\\\/toolizo.com\\\/#website\",\"url\":\"https:\\\/\\\/toolizo.com\\\/\",\"name\":\"Toolizo\",\"description\":\"\",\"publisher\":{\"@id\":\"https:\\\/\\\/toolizo.com\\\/#organization\"},\"potentialAction\":[{\"@type\":\"SearchAction\",\"target\":{\"@type\":\"EntryPoint\",\"urlTemplate\":\"https:\\\/\\\/toolizo.com\\\/?s={search_term_string}\"},\"query-input\":{\"@type\":\"PropertyValueSpecification\",\"valueRequired\":true,\"valueName\":\"search_term_string\"}}],\"inLanguage\":\"es\"},{\"@type\":\"Organization\",\"@id\":\"https:\\\/\\\/toolizo.com\\\/#organization\",\"name\":\"Toolizo\",\"url\":\"https:\\\/\\\/toolizo.com\\\/\",\"logo\":{\"@type\":\"ImageObject\",\"inLanguage\":\"es\",\"@id\":\"https:\\\/\\\/toolizo.com\\\/#\\\/schema\\\/logo\\\/image\\\/\",\"url\":\"https:\\\/\\\/toolizo.com\\\/wp-content\\\/uploads\\\/2026\\\/02\\\/cropped-Tool-1.png\",\"contentUrl\":\"https:\\\/\\\/toolizo.com\\\/wp-content\\\/uploads\\\/2026\\\/02\\\/cropped-Tool-1.png\",\"width\":699,\"height\":140,\"caption\":\"Toolizo\"},\"image\":{\"@id\":\"https:\\\/\\\/toolizo.com\\\/#\\\/schema\\\/logo\\\/image\\\/\"}}]}<\/script>\n<!-- \/ Yoast SEO Premium plugin. -->","yoast_head_json":{"title":"Acerca de - Toolizo","description":"Descubre Toolizo, tu plataforma ideal para herramientas y recursos inteligentes. Conoce nuestra misi\u00f3n: simplificar tareas y potenciar la productividad.","robots":{"index":"index","follow":"follow","max-snippet":"max-snippet:-1","max-image-preview":"max-image-preview:large","max-video-preview":"max-video-preview:-1"},"canonical":"https:\/\/toolizo.com\/es\/about\/","og_locale":"es_ES","og_type":"article","og_title":"About","og_description":"Learn about Toolizo, your go\u2011to platform for smart tools and resources. Discover our mission to simplify tasks and empower productivity.","og_url":"https:\/\/toolizo.com\/es\/about\/","og_site_name":"Toolizo","article_modified_time":"2026-04-23T18:24:03+00:00","twitter_card":"summary_large_image","twitter_misc":{"Est. reading time":"1 minuto"},"schema":{"@context":"https:\/\/schema.org","@graph":[{"@type":"WebPage","@id":"https:\/\/toolizo.com\/about\/","url":"https:\/\/toolizo.com\/about\/","name":"Acerca de - Toolizo","isPartOf":{"@id":"https:\/\/toolizo.com\/#website"},"datePublished":"2025-12-02T17:25:54+00:00","dateModified":"2026-04-23T18:24:03+00:00","description":"Descubre Toolizo, tu plataforma ideal para herramientas y recursos inteligentes. Conoce nuestra misi\u00f3n: simplificar tareas y potenciar la productividad.","breadcrumb":{"@id":"https:\/\/toolizo.com\/about\/#breadcrumb"},"inLanguage":"es","potentialAction":[{"@type":"ReadAction","target":["https:\/\/toolizo.com\/about\/"]}]},{"@type":"BreadcrumbList","@id":"https:\/\/toolizo.com\/about\/#breadcrumb","itemListElement":[{"@type":"ListItem","position":1,"name":"Home","item":"https:\/\/toolizo.com\/"},{"@type":"ListItem","position":2,"name":"About"}]},{"@type":"WebSite","@id":"https:\/\/toolizo.com\/#website","url":"https:\/\/toolizo.com\/","name":"Toolizo","description":"","publisher":{"@id":"https:\/\/toolizo.com\/#organization"},"potentialAction":[{"@type":"SearchAction","target":{"@type":"EntryPoint","urlTemplate":"https:\/\/toolizo.com\/?s={search_term_string}"},"query-input":{"@type":"PropertyValueSpecification","valueRequired":true,"valueName":"search_term_string"}}],"inLanguage":"es"},{"@type":"Organization","@id":"https:\/\/toolizo.com\/#organization","name":"Toolizo","url":"https:\/\/toolizo.com\/","logo":{"@type":"ImageObject","inLanguage":"es","@id":"https:\/\/toolizo.com\/#\/schema\/logo\/image\/","url":"https:\/\/toolizo.com\/wp-content\/uploads\/2026\/02\/cropped-Tool-1.png","contentUrl":"https:\/\/toolizo.com\/wp-content\/uploads\/2026\/02\/cropped-Tool-1.png","width":699,"height":140,"caption":"Toolizo"},"image":{"@id":"https:\/\/toolizo.com\/#\/schema\/logo\/image\/"}}]}},"_links":{"self":[{"href":"https:\/\/toolizo.com\/es\/wp-json\/wp\/v2\/pages\/24","targetHints":{"allow":["GET"]}}],"collection":[{"href":"https:\/\/toolizo.com\/es\/wp-json\/wp\/v2\/pages"}],"about":[{"href":"https:\/\/toolizo.com\/es\/wp-json\/wp\/v2\/types\/page"}],"author":[{"embeddable":true,"href":"https:\/\/toolizo.com\/es\/wp-json\/wp\/v2\/users\/1"}],"replies":[{"embeddable":true,"href":"https:\/\/toolizo.com\/es\/wp-json\/wp\/v2\/comments?post=24"}],"version-history":[{"count":2,"href":"https:\/\/toolizo.com\/es\/wp-json\/wp\/v2\/pages\/24\/revisions"}],"predecessor-version":[{"id":1407,"href":"https:\/\/toolizo.com\/es\/wp-json\/wp\/v2\/pages\/24\/revisions\/1407"}],"wp:attachment":[{"href":"https:\/\/toolizo.com\/es\/wp-json\/wp\/v2\/media?parent=24"}],"curies":[{"name":"wp","href":"https:\/\/api.w.org\/{rel}","templated":true}]}}