{"id":34,"date":"2025-12-02T17:54:23","date_gmt":"2025-12-02T17:54:23","guid":{"rendered":"https:\/\/toolizo.com\/?page_id=34"},"modified":"2025-12-02T17:54:23","modified_gmt":"2025-12-02T17:54:23","slug":"privacy-policy","status":"publish","type":"page","link":"https:\/\/toolizo.com\/es\/privacy-policy\/","title":{"rendered":"pol\u00edtica de privacidad"},"content":{"rendered":"<p data-start=\"2468\" data-end=\"2532\"><strong data-start=\"2468\" data-end=\"2500\">Pol\u00edtica de privacidad \u2013 Toolizo.com<\/strong><br data-start=\"2500\" data-end=\"2503\" \/><em data-start=\"2503\" data-end=\"2532\">\u00daltima actualizaci\u00f3n: diciembre de 2025<\/em><\/p>\n<p data-start=\"2534\" data-end=\"2727\">En <a href=\"https:\/\/toolizo.com\/es\/\">Toolizo.com<\/a>Su privacidad y confianza son de suma importancia para nosotros. Esta Pol\u00edtica de Privacidad explica c\u00f3mo recopilamos, usamos y protegemos su informaci\u00f3n cuando utiliza nuestro sitio web y herramientas en l\u00ednea.<\/p>\n<h3 data-start=\"2729\" data-end=\"2762\"><strong data-start=\"2733\" data-end=\"2762\">1. Informaci\u00f3n que recopilamos<\/strong><\/h3>\n<p data-start=\"2763\" data-end=\"2838\">Toolizo.com est\u00e1 dise\u00f1ado para ser sencillo y centrarse en la privacidad.<br data-start=\"2820\" data-end=\"2823\" \/>Podemos recopilar:<\/p>\n<ul data-start=\"2840\" data-end=\"3062\">\n<li data-start=\"2840\" data-end=\"2912\">\n<p data-start=\"2842\" data-end=\"2912\"><strong data-start=\"2842\" data-end=\"2862\">Datos b\u00e1sicos de uso<\/strong> (an\u00e1lisis, p\u00e1ginas visitadas, patrones de uso de herramientas)<\/p>\n<\/li>\n<li data-start=\"2913\" data-end=\"2974\">\n<p data-start=\"2915\" data-end=\"2974\"><strong data-start=\"2915\" data-end=\"2940\">Informaci\u00f3n voluntaria<\/strong> enviado a trav\u00e9s de formularios de contacto<\/p>\n<\/li>\n<li data-start=\"2975\" data-end=\"3062\">\n<p data-start=\"2977\" data-end=\"3062\"><strong data-start=\"2977\" data-end=\"3002\">Informaci\u00f3n t\u00e9cnica<\/strong> como el tipo de navegador, el tipo de dispositivo y la direcci\u00f3n IP por motivos de seguridad<\/p>\n<\/li>\n<\/ul>\n<p data-start=\"3064\" data-end=\"3140\">Nosotros <strong data-start=\"3067\" data-end=\"3077\">no<\/strong> No recopilaremos direcciones de correo electr\u00f3nico ni datos personales a menos que usted los comparta voluntariamente con nosotros.<\/p>\n<h3 data-start=\"3142\" data-end=\"3180\"><strong data-start=\"3146\" data-end=\"3180\">2. \u00bfC\u00f3mo utilizamos la informaci\u00f3n que recopilamos?<\/strong><\/h3>\n<p data-start=\"3181\" data-end=\"3206\">Utilizamos los datos recopilados para:<\/p>\n<ul data-start=\"3208\" data-end=\"3376\">\n<li data-start=\"3208\" data-end=\"3259\">\n<p data-start=\"3210\" data-end=\"3259\">Mejorar el rendimiento del sitio web y la experiencia del usuario.<\/p>\n<\/li>\n<li data-start=\"3260\" data-end=\"3294\">\n<p data-start=\"3262\" data-end=\"3294\">Corregir errores y mejorar nuestras herramientas<\/p>\n<\/li>\n<li data-start=\"3295\" data-end=\"3339\">\n<p data-start=\"3297\" data-end=\"3339\">Comprender la popularidad y el an\u00e1lisis de las herramientas<\/p>\n<\/li>\n<li data-start=\"3340\" data-end=\"3376\">\n<p data-start=\"3342\" data-end=\"3376\">Responder a las solicitudes de soporte de los usuarios<\/p>\n<\/li>\n<\/ul>\n<p data-start=\"3378\" data-end=\"3422\">Nosotros <strong data-start=\"3381\" data-end=\"3421\">Nunca vendas, alquiles ni intercambies tus datos.<\/strong>.<\/p>\n<h3 data-start=\"3424\" data-end=\"3442\"><strong data-start=\"3428\" data-end=\"3442\">3. Galletas<\/strong><\/h3>\n<p data-start=\"3443\" data-end=\"3577\">Utilizamos cookies est\u00e1ndar para el funcionamiento del sitio web y para an\u00e1lisis an\u00f3nimos.<br data-start=\"3517\" data-end=\"3520\" \/>Puedes desactivar las cookies en la configuraci\u00f3n de tu navegador en cualquier momento.<\/p>\n<h3 data-start=\"3579\" data-end=\"3610\"><strong data-start=\"3583\" data-end=\"3610\">4. Servicios de terceros<\/strong><\/h3>\n<p data-start=\"3611\" data-end=\"3658\">Es posible que se utilicen algunos servicios de terceros, como por ejemplo:<\/p>\n<ul data-start=\"3660\" data-end=\"3759\">\n<li data-start=\"3660\" data-end=\"3708\">\n<p data-start=\"3662\" data-end=\"3708\">Proveedores de an\u00e1lisis (por ejemplo, Google Analytics)<\/p>\n<\/li>\n<li data-start=\"3709\" data-end=\"3759\">\n<p data-start=\"3711\" data-end=\"3759\">Redes publicitarias (por ejemplo, Google AdSense, previa aprobaci\u00f3n)<\/p>\n<\/li>\n<\/ul>\n<p data-start=\"3761\" data-end=\"3837\">Estos servicios pueden recopilar sus propios datos de uso de acuerdo con sus pol\u00edticas.<\/p>\n<h3 data-start=\"3839\" data-end=\"3863\"><strong data-start=\"3843\" data-end=\"3863\">5. Seguridad de los datos<\/strong><\/h3>\n<p data-start=\"3864\" data-end=\"3958\">Utilizamos cifrado SSL moderno y servidores seguros para proteger sus datos del acceso no autorizado.<\/p>\n<h3 data-start=\"3960\" data-end=\"3989\"><strong data-start=\"3964\" data-end=\"3989\">6. Privacidad de los ni\u00f1os<\/strong><\/h3>\n<p data-start=\"3990\" data-end=\"4073\">Toolizo.com no recopila informaci\u00f3n de ni\u00f1os menores de 13 a\u00f1os a sabiendas.<\/p>\n<h3 data-start=\"4075\" data-end=\"4108\"><strong data-start=\"4079\" data-end=\"4108\">7. Cambios en esta pol\u00edtica<\/strong><\/h3>\n<p data-start=\"4109\" data-end=\"4219\">Podemos actualizar esta pol\u00edtica cuando sea necesario. Cualquier cambio se publicar\u00e1 en esta p\u00e1gina con una nueva fecha de \u201c\u00daltima actualizaci\u00f3n\u201d.<\/p>\n<h3 data-start=\"4221\" data-end=\"4239\"><strong data-start=\"4225\" data-end=\"4239\">8. Contacto<\/strong><\/h3>\n<p data-start=\"4240\" data-end=\"4308\">Si tiene alguna pregunta, env\u00edenos un correo electr\u00f3nico a:<br data-start=\"4279\" data-end=\"4282\" \/>\ud83d\udce9 <strong data-start=\"4285\" data-end=\"4308\"><a class=\"decorated-link cursor-pointer\" rel=\"noopener\" data-start=\"4287\" data-end=\"4306\">soporte@toolizo.com<\/a><\/strong><\/p>","protected":false},"excerpt":{"rendered":"<p>Privacy Policy \u2013 Toolizo.comLast Updated: December 2025 At Toolizo.com, your privacy and trust are extremely important to us. This Privacy [&hellip;]<\/p>","protected":false},"author":1,"featured_media":0,"parent":0,"menu_order":0,"comment_status":"closed","ping_status":"closed","template":"","meta":{"site-sidebar-layout":"default","site-content-layout":"","ast-site-content-layout":"default","site-content-style":"default","site-sidebar-style":"default","ast-global-header-display":"","ast-banner-title-visibility":"","ast-main-header-display":"","ast-hfb-above-header-display":"","ast-hfb-below-header-display":"","ast-hfb-mobile-header-display":"","site-post-title":"","ast-breadcrumbs-content":"","ast-featured-img":"","footer-sml-layout":"","ast-disable-related-posts":"","theme-transparent-header-meta":"default","adv-header-id-meta":"","stick-header-meta":"","header-above-stick-meta":"","header-main-stick-meta":"","header-below-stick-meta":"","astra-migrate-meta-layouts":"set","ast-page-background-enabled":"default","ast-page-background-meta":{"desktop":{"background-color":"var(--ast-global-color-5)","background-image":"","background-repeat":"repeat","background-position":"center center","background-size":"auto","background-attachment":"scroll","background-type":"","background-media":"","overlay-type":"","overlay-color":"","overlay-opacity":"","overlay-gradient":""},"tablet":{"background-color":"","background-image":"","background-repeat":"repeat","background-position":"center center","background-size":"auto","background-attachment":"scroll","background-type":"","background-media":"","overlay-type":"","overlay-color":"","overlay-opacity":"","overlay-gradient":""},"mobile":{"background-color":"","background-image":"","background-repeat":"repeat","background-position":"center center","background-size":"auto","background-attachment":"scroll","background-type":"","background-media":"","overlay-type":"","overlay-color":"","overlay-opacity":"","overlay-gradient":""}},"ast-content-background-meta":{"desktop":{"background-color":"var(--ast-global-color-4)","background-image":"","background-repeat":"repeat","background-position":"center center","background-size":"auto","background-attachment":"scroll","background-type":"","background-media":"","overlay-type":"","overlay-color":"","overlay-opacity":"","overlay-gradient":""},"tablet":{"background-color":"var(--ast-global-color-4)","background-image":"","background-repeat":"repeat","background-position":"center center","background-size":"auto","background-attachment":"scroll","background-type":"","background-media":"","overlay-type":"","overlay-color":"","overlay-opacity":"","overlay-gradient":""},"mobile":{"background-color":"var(--ast-global-color-4)","background-image":"","background-repeat":"repeat","background-position":"center center","background-size":"auto","background-attachment":"scroll","background-type":"","background-media":"","overlay-type":"","overlay-color":"","overlay-opacity":"","overlay-gradient":""}},"footnotes":""},"class_list":["post-34","page","type-page","status-publish","hentry"],"yoast_head":"<!-- This site is optimized with the Yoast SEO Premium plugin v25.9 (Yoast SEO v27.4) - https:\/\/yoast.com\/product\/yoast-seo-premium-wordpress\/ -->\n<title>Privacy Policy - Toolizo<\/title>\n<meta name=\"robots\" content=\"index, follow, max-snippet:-1, max-image-preview:large, max-video-preview:-1\" \/>\n<link rel=\"canonical\" href=\"https:\/\/toolizo.com\/es\/privacy-policy\/\" \/>\n<meta property=\"og:locale\" content=\"es_ES\" \/>\n<meta property=\"og:type\" content=\"article\" \/>\n<meta property=\"og:title\" content=\"Privacy Policy\" \/>\n<meta property=\"og:description\" content=\"Privacy Policy \u2013 Toolizo.comLast Updated: December 2025 At Toolizo.com, your privacy and trust are extremely important to us. This Privacy [&hellip;]\" \/>\n<meta property=\"og:url\" content=\"https:\/\/toolizo.com\/es\/privacy-policy\/\" \/>\n<meta property=\"og:site_name\" content=\"Toolizo\" \/>\n<meta name=\"twitter:card\" content=\"summary_large_image\" \/>\n<meta name=\"twitter:label1\" content=\"Est. reading time\" \/>\n\t<meta name=\"twitter:data1\" content=\"2 minutos\" \/>\n<script type=\"application\/ld+json\" class=\"yoast-schema-graph\">{\"@context\":\"https:\\\/\\\/schema.org\",\"@graph\":[{\"@type\":\"WebPage\",\"@id\":\"https:\\\/\\\/toolizo.com\\\/privacy-policy\\\/\",\"url\":\"https:\\\/\\\/toolizo.com\\\/privacy-policy\\\/\",\"name\":\"Privacy Policy - Toolizo\",\"isPartOf\":{\"@id\":\"https:\\\/\\\/toolizo.com\\\/#website\"},\"datePublished\":\"2025-12-02T17:54:23+00:00\",\"breadcrumb\":{\"@id\":\"https:\\\/\\\/toolizo.com\\\/privacy-policy\\\/#breadcrumb\"},\"inLanguage\":\"es\",\"potentialAction\":[{\"@type\":\"ReadAction\",\"target\":[\"https:\\\/\\\/toolizo.com\\\/privacy-policy\\\/\"]}]},{\"@type\":\"BreadcrumbList\",\"@id\":\"https:\\\/\\\/toolizo.com\\\/privacy-policy\\\/#breadcrumb\",\"itemListElement\":[{\"@type\":\"ListItem\",\"position\":1,\"name\":\"Home\",\"item\":\"https:\\\/\\\/toolizo.com\\\/\"},{\"@type\":\"ListItem\",\"position\":2,\"name\":\"Privacy Policy\"}]},{\"@type\":\"WebSite\",\"@id\":\"https:\\\/\\\/toolizo.com\\\/#website\",\"url\":\"https:\\\/\\\/toolizo.com\\\/\",\"name\":\"Toolizo\",\"description\":\"\",\"publisher\":{\"@id\":\"https:\\\/\\\/toolizo.com\\\/#organization\"},\"potentialAction\":[{\"@type\":\"SearchAction\",\"target\":{\"@type\":\"EntryPoint\",\"urlTemplate\":\"https:\\\/\\\/toolizo.com\\\/?s={search_term_string}\"},\"query-input\":{\"@type\":\"PropertyValueSpecification\",\"valueRequired\":true,\"valueName\":\"search_term_string\"}}],\"inLanguage\":\"es\"},{\"@type\":\"Organization\",\"@id\":\"https:\\\/\\\/toolizo.com\\\/#organization\",\"name\":\"Toolizo\",\"url\":\"https:\\\/\\\/toolizo.com\\\/\",\"logo\":{\"@type\":\"ImageObject\",\"inLanguage\":\"es\",\"@id\":\"https:\\\/\\\/toolizo.com\\\/#\\\/schema\\\/logo\\\/image\\\/\",\"url\":\"https:\\\/\\\/toolizo.com\\\/wp-content\\\/uploads\\\/2026\\\/02\\\/cropped-Tool-1.png\",\"contentUrl\":\"https:\\\/\\\/toolizo.com\\\/wp-content\\\/uploads\\\/2026\\\/02\\\/cropped-Tool-1.png\",\"width\":699,\"height\":140,\"caption\":\"Toolizo\"},\"image\":{\"@id\":\"https:\\\/\\\/toolizo.com\\\/#\\\/schema\\\/logo\\\/image\\\/\"}}]}<\/script>\n<!-- \/ Yoast SEO Premium plugin. -->","yoast_head_json":{"title":"Pol\u00edtica de privacidad - Toolizo","robots":{"index":"index","follow":"follow","max-snippet":"max-snippet:-1","max-image-preview":"max-image-preview:large","max-video-preview":"max-video-preview:-1"},"canonical":"https:\/\/toolizo.com\/es\/privacy-policy\/","og_locale":"es_ES","og_type":"article","og_title":"Privacy Policy","og_description":"Privacy Policy \u2013 Toolizo.comLast Updated: December 2025 At Toolizo.com, your privacy and trust are extremely important to us. This Privacy [&hellip;]","og_url":"https:\/\/toolizo.com\/es\/privacy-policy\/","og_site_name":"Toolizo","twitter_card":"summary_large_image","twitter_misc":{"Est. reading time":"2 minutos"},"schema":{"@context":"https:\/\/schema.org","@graph":[{"@type":"WebPage","@id":"https:\/\/toolizo.com\/privacy-policy\/","url":"https:\/\/toolizo.com\/privacy-policy\/","name":"Pol\u00edtica de privacidad - Toolizo","isPartOf":{"@id":"https:\/\/toolizo.com\/#website"},"datePublished":"2025-12-02T17:54:23+00:00","breadcrumb":{"@id":"https:\/\/toolizo.com\/privacy-policy\/#breadcrumb"},"inLanguage":"es","potentialAction":[{"@type":"ReadAction","target":["https:\/\/toolizo.com\/privacy-policy\/"]}]},{"@type":"BreadcrumbList","@id":"https:\/\/toolizo.com\/privacy-policy\/#breadcrumb","itemListElement":[{"@type":"ListItem","position":1,"name":"Home","item":"https:\/\/toolizo.com\/"},{"@type":"ListItem","position":2,"name":"Privacy Policy"}]},{"@type":"WebSite","@id":"https:\/\/toolizo.com\/#website","url":"https:\/\/toolizo.com\/","name":"Toolizo","description":"","publisher":{"@id":"https:\/\/toolizo.com\/#organization"},"potentialAction":[{"@type":"SearchAction","target":{"@type":"EntryPoint","urlTemplate":"https:\/\/toolizo.com\/?s={search_term_string}"},"query-input":{"@type":"PropertyValueSpecification","valueRequired":true,"valueName":"search_term_string"}}],"inLanguage":"es"},{"@type":"Organization","@id":"https:\/\/toolizo.com\/#organization","name":"Toolizo","url":"https:\/\/toolizo.com\/","logo":{"@type":"ImageObject","inLanguage":"es","@id":"https:\/\/toolizo.com\/#\/schema\/logo\/image\/","url":"https:\/\/toolizo.com\/wp-content\/uploads\/2026\/02\/cropped-Tool-1.png","contentUrl":"https:\/\/toolizo.com\/wp-content\/uploads\/2026\/02\/cropped-Tool-1.png","width":699,"height":140,"caption":"Toolizo"},"image":{"@id":"https:\/\/toolizo.com\/#\/schema\/logo\/image\/"}}]}},"_links":{"self":[{"href":"https:\/\/toolizo.com\/es\/wp-json\/wp\/v2\/pages\/34","targetHints":{"allow":["GET"]}}],"collection":[{"href":"https:\/\/toolizo.com\/es\/wp-json\/wp\/v2\/pages"}],"about":[{"href":"https:\/\/toolizo.com\/es\/wp-json\/wp\/v2\/types\/page"}],"author":[{"embeddable":true,"href":"https:\/\/toolizo.com\/es\/wp-json\/wp\/v2\/users\/1"}],"replies":[{"embeddable":true,"href":"https:\/\/toolizo.com\/es\/wp-json\/wp\/v2\/comments?post=34"}],"version-history":[{"count":0,"href":"https:\/\/toolizo.com\/es\/wp-json\/wp\/v2\/pages\/34\/revisions"}],"wp:attachment":[{"href":"https:\/\/toolizo.com\/es\/wp-json\/wp\/v2\/media?parent=34"}],"curies":[{"name":"wp","href":"https:\/\/api.w.org\/{rel}","templated":true}]}}