{"id":95,"date":"2025-12-02T19:23:19","date_gmt":"2025-12-02T19:23:19","guid":{"rendered":"https:\/\/toolizo.com\/?page_id=95"},"modified":"2026-04-23T18:27:22","modified_gmt":"2026-04-23T18:27:22","slug":"faique-ahmad","status":"publish","type":"page","link":"https:\/\/toolizo.com\/es\/faique-ahmad\/","title":{"rendered":"Faique Ahmad"},"content":{"rendered":"<h2><strong>Acerca de m\u00ed<\/strong><\/h2>\n<p>\u00a1Bienvenido a mi p\u00e1gina de autor! Soy Faique Ahmad, el creador detr\u00e1s de <a href=\"http:\/\/Toolizo.com\"><strong>Toolizo.com<\/strong><\/a>Una plataforma dise\u00f1ada para ofrecer herramientas en l\u00ednea r\u00e1pidas, sencillas y fiables que faciliten tus tareas diarias. Mi objetivo es crear una colecci\u00f3n de utilidades de alta calidad \u2014calculadoras, herramientas de IA, generadores, formateadores y herramientas de productividad\u2014 todo en un lugar limpio y f\u00e1cil de usar.<\/p>\n<p>Creo que las herramientas en l\u00ednea deber\u00edan ser:<br \/>\n\u2714 Gratis<br \/>\n\u2714 F\u00e1cil de usar<br \/>\n\u2714 Preciso<br \/>\n\u2714 Accesible para todos<br \/>\nY eso es precisamente lo que ofrece Toolizo.<\/p>\n<hr \/>\n<h2><strong>Lo que hago<\/strong><\/h2>\n<p>Investigo, dise\u00f1o y publico herramientas que resuelven problemas reales para estudiantes, creadores, aut\u00f3nomos, empresarios y usuarios cotidianos. Cada herramienta se crea con esmero, centr\u00e1ndose en:<\/p>\n<ul>\n<li>Experiencia de usuario sencilla e intuitiva<\/li>\n<li>C\u00e1lculos r\u00e1pidos y precisos<\/li>\n<li>Interfaz ligera y optimizada para dispositivos m\u00f3viles<\/li>\n<li>Desarrollo limpio, seguro y centrado en la privacidad<\/li>\n<\/ul>\n<p>Todas las herramientas de Toolizo est\u00e1n dise\u00f1adas para ahorrarte tiempo y ayudarte a completar tareas sin necesidad de instalar aplicaciones ni crear cuentas.<\/p>\n<hr \/>\n<h2><strong>Mi misi\u00f3n<\/strong><\/h2>\n<p>Mi misi\u00f3n es hacer <a href=\"http:\/\/Toolizo.com\">Toolizo.com<\/a> un centro de confianza para:<\/p>\n<ul>\n<li>Servicios p\u00fablicos diarios<\/li>\n<li>Calculadoras profesionales<\/li>\n<li>Herramientas pr\u00e1cticas y \u00fatiles<\/li>\n<li>Peque\u00f1os ayudantes de productividad<\/li>\n<li>Aplicaciones web inteligentes con IA para tareas r\u00e1pidas<\/li>\n<\/ul>\n<p>Ya sea que est\u00e9s calculando algo, evaluando la potencia de la IA, generando texto o analizando n\u00fameros, Toolizo est\u00e1 aqu\u00ed para facilitarte el trabajo.<\/p>\n<hr \/>\n<h2><strong>\u00bfPor qu\u00e9 Toolizo?<\/strong><\/h2>\n<ul>\n<li>Las herramientas se actualizan peri\u00f3dicamente.<\/li>\n<li>Seguro y centrado en la privacidad<\/li>\n<li>Dise\u00f1ado para usuarios globales<\/li>\n<li>100% gratuito y siempre accesible<\/li>\n<li>Mejoramos constantemente bas\u00e1ndonos en los comentarios de los usuarios.<\/li>\n<\/ul>\n<hr \/>\n<h2><strong>Conectemos<\/strong><\/h2>\n<p>\u00bfTienes alguna idea para una herramienta? \u00bfNecesitas ayuda? \u00bfQuieres informar de un problema?<\/p>\n<p>Me encantar\u00eda saber de ti.<\/p>\n<p>\ud83d\udce9 <strong>Correo electr\u00f3nico:<\/strong> <a href=\"mailto:support@toolizo.com\">soporte@toolizo.com<\/a><br \/>\n\ud83c\udf10 <strong>Sitio web:<\/strong> <a href=\"https:\/\/toolizo.com\/es\/\">https:\/\/toolizo.com\/<\/a><\/p>\n<p>Mis herramientas: <a href=\"https:\/\/toolizo.com\/es\/all-tools\/\">https:\/\/toolizo.com\/all-tools\/<\/a><\/p>\n<p>Lee el blog: <a href=\"https:\/\/toolizo.com\/es\/blog\/\">https:\/\/toolizo.com\/blog\/<\/a><\/p>\n<p>Sus comentarios me ayudan a crear herramientas mejores y m\u00e1s inteligentes para todos.<\/p>\n<hr \/>\n<p>&nbsp;<\/p>","protected":false},"excerpt":{"rendered":"<p>About Me Welcome to my author page! I\u2019m Faique Ahmad the creator behind Toolizo.com, a platform built to provide fast, [&hellip;]<\/p>","protected":false},"author":1,"featured_media":0,"parent":0,"menu_order":0,"comment_status":"closed","ping_status":"closed","template":"","meta":{"site-sidebar-layout":"default","site-content-layout":"","ast-site-content-layout":"default","site-content-style":"default","site-sidebar-style":"default","ast-global-header-display":"","ast-banner-title-visibility":"","ast-main-header-display":"","ast-hfb-above-header-display":"","ast-hfb-below-header-display":"","ast-hfb-mobile-header-display":"","site-post-title":"","ast-breadcrumbs-content":"","ast-featured-img":"","footer-sml-layout":"","ast-disable-related-posts":"","theme-transparent-header-meta":"default","adv-header-id-meta":"","stick-header-meta":"","header-above-stick-meta":"","header-main-stick-meta":"","header-below-stick-meta":"","astra-migrate-meta-layouts":"set","ast-page-background-enabled":"default","ast-page-background-meta":{"desktop":{"background-color":"var(--ast-global-color-5)","background-image":"","background-repeat":"repeat","background-position":"center center","background-size":"auto","background-attachment":"scroll","background-type":"","background-media":"","overlay-type":"","overlay-color":"","overlay-opacity":"","overlay-gradient":""},"tablet":{"background-color":"","background-image":"","background-repeat":"repeat","background-position":"center center","background-size":"auto","background-attachment":"scroll","background-type":"","background-media":"","overlay-type":"","overlay-color":"","overlay-opacity":"","overlay-gradient":""},"mobile":{"background-color":"","background-image":"","background-repeat":"repeat","background-position":"center center","background-size":"auto","background-attachment":"scroll","background-type":"","background-media":"","overlay-type":"","overlay-color":"","overlay-opacity":"","overlay-gradient":""}},"ast-content-background-meta":{"desktop":{"background-color":"var(--ast-global-color-4)","background-image":"","background-repeat":"repeat","background-position":"center center","background-size":"auto","background-attachment":"scroll","background-type":"","background-media":"","overlay-type":"","overlay-color":"","overlay-opacity":"","overlay-gradient":""},"tablet":{"background-color":"var(--ast-global-color-4)","background-image":"","background-repeat":"repeat","background-position":"center center","background-size":"auto","background-attachment":"scroll","background-type":"","background-media":"","overlay-type":"","overlay-color":"","overlay-opacity":"","overlay-gradient":""},"mobile":{"background-color":"var(--ast-global-color-4)","background-image":"","background-repeat":"repeat","background-position":"center center","background-size":"auto","background-attachment":"scroll","background-type":"","background-media":"","overlay-type":"","overlay-color":"","overlay-opacity":"","overlay-gradient":""}},"footnotes":""},"class_list":["post-95","page","type-page","status-publish","hentry"],"yoast_head":"<!-- This site is optimized with the Yoast SEO Premium plugin v25.9 (Yoast SEO v27.4) - https:\/\/yoast.com\/product\/yoast-seo-premium-wordpress\/ -->\n<title>Faique Ahmad - Toolizo<\/title>\n<meta name=\"description\" content=\"Learn about Faique Ahmad, Member of Team FS and author of expert guides on online tools, digital growth, and productivity.\" \/>\n<meta name=\"robots\" content=\"index, follow, max-snippet:-1, max-image-preview:large, max-video-preview:-1\" \/>\n<link rel=\"canonical\" href=\"https:\/\/toolizo.com\/es\/faique-ahmad\/\" \/>\n<meta property=\"og:locale\" content=\"es_ES\" \/>\n<meta property=\"og:type\" content=\"article\" \/>\n<meta property=\"og:title\" content=\"Faique Ahmad\" \/>\n<meta property=\"og:description\" content=\"Learn about Faique Ahmad, Member of Team FS and author of expert guides on online tools, digital growth, and productivity.\" \/>\n<meta property=\"og:url\" content=\"https:\/\/toolizo.com\/es\/faique-ahmad\/\" \/>\n<meta property=\"og:site_name\" content=\"Toolizo\" \/>\n<meta property=\"article:modified_time\" content=\"2026-04-23T18:27:22+00:00\" \/>\n<meta name=\"twitter:card\" content=\"summary_large_image\" \/>\n<meta name=\"twitter:label1\" content=\"Est. reading time\" \/>\n\t<meta name=\"twitter:data1\" content=\"2 minutos\" \/>\n<script type=\"application\/ld+json\" class=\"yoast-schema-graph\">{\"@context\":\"https:\\\/\\\/schema.org\",\"@graph\":[{\"@type\":\"WebPage\",\"@id\":\"https:\\\/\\\/toolizo.com\\\/faique-ahmad\\\/\",\"url\":\"https:\\\/\\\/toolizo.com\\\/faique-ahmad\\\/\",\"name\":\"Faique Ahmad - Toolizo\",\"isPartOf\":{\"@id\":\"https:\\\/\\\/toolizo.com\\\/#website\"},\"datePublished\":\"2025-12-02T19:23:19+00:00\",\"dateModified\":\"2026-04-23T18:27:22+00:00\",\"description\":\"Learn about Faique Ahmad, Member of Team FS and author of expert guides on online tools, digital growth, and productivity.\",\"breadcrumb\":{\"@id\":\"https:\\\/\\\/toolizo.com\\\/faique-ahmad\\\/#breadcrumb\"},\"inLanguage\":\"es\",\"potentialAction\":[{\"@type\":\"ReadAction\",\"target\":[\"https:\\\/\\\/toolizo.com\\\/faique-ahmad\\\/\"]}]},{\"@type\":\"BreadcrumbList\",\"@id\":\"https:\\\/\\\/toolizo.com\\\/faique-ahmad\\\/#breadcrumb\",\"itemListElement\":[{\"@type\":\"ListItem\",\"position\":1,\"name\":\"Home\",\"item\":\"https:\\\/\\\/toolizo.com\\\/\"},{\"@type\":\"ListItem\",\"position\":2,\"name\":\"Faique Ahmad\"}]},{\"@type\":\"WebSite\",\"@id\":\"https:\\\/\\\/toolizo.com\\\/#website\",\"url\":\"https:\\\/\\\/toolizo.com\\\/\",\"name\":\"Toolizo\",\"description\":\"\",\"publisher\":{\"@id\":\"https:\\\/\\\/toolizo.com\\\/#organization\"},\"potentialAction\":[{\"@type\":\"SearchAction\",\"target\":{\"@type\":\"EntryPoint\",\"urlTemplate\":\"https:\\\/\\\/toolizo.com\\\/?s={search_term_string}\"},\"query-input\":{\"@type\":\"PropertyValueSpecification\",\"valueRequired\":true,\"valueName\":\"search_term_string\"}}],\"inLanguage\":\"es\"},{\"@type\":\"Organization\",\"@id\":\"https:\\\/\\\/toolizo.com\\\/#organization\",\"name\":\"Toolizo\",\"url\":\"https:\\\/\\\/toolizo.com\\\/\",\"logo\":{\"@type\":\"ImageObject\",\"inLanguage\":\"es\",\"@id\":\"https:\\\/\\\/toolizo.com\\\/#\\\/schema\\\/logo\\\/image\\\/\",\"url\":\"https:\\\/\\\/toolizo.com\\\/wp-content\\\/uploads\\\/2026\\\/02\\\/cropped-Tool-1.png\",\"contentUrl\":\"https:\\\/\\\/toolizo.com\\\/wp-content\\\/uploads\\\/2026\\\/02\\\/cropped-Tool-1.png\",\"width\":699,\"height\":140,\"caption\":\"Toolizo\"},\"image\":{\"@id\":\"https:\\\/\\\/toolizo.com\\\/#\\\/schema\\\/logo\\\/image\\\/\"}}]}<\/script>\n<!-- \/ Yoast SEO Premium plugin. -->","yoast_head_json":{"title":"Faique Ahmad - Toolizo","description":"Conozca a Faique Ahmad, miembro del equipo FS y autor de gu\u00edas especializadas sobre herramientas en l\u00ednea, crecimiento digital y productividad.","robots":{"index":"index","follow":"follow","max-snippet":"max-snippet:-1","max-image-preview":"max-image-preview:large","max-video-preview":"max-video-preview:-1"},"canonical":"https:\/\/toolizo.com\/es\/faique-ahmad\/","og_locale":"es_ES","og_type":"article","og_title":"Faique Ahmad","og_description":"Learn about Faique Ahmad, Member of Team FS and author of expert guides on online tools, digital growth, and productivity.","og_url":"https:\/\/toolizo.com\/es\/faique-ahmad\/","og_site_name":"Toolizo","article_modified_time":"2026-04-23T18:27:22+00:00","twitter_card":"summary_large_image","twitter_misc":{"Est. reading time":"2 minutos"},"schema":{"@context":"https:\/\/schema.org","@graph":[{"@type":"WebPage","@id":"https:\/\/toolizo.com\/faique-ahmad\/","url":"https:\/\/toolizo.com\/faique-ahmad\/","name":"Faique Ahmad - Toolizo","isPartOf":{"@id":"https:\/\/toolizo.com\/#website"},"datePublished":"2025-12-02T19:23:19+00:00","dateModified":"2026-04-23T18:27:22+00:00","description":"Conozca a Faique Ahmad, miembro del equipo FS y autor de gu\u00edas especializadas sobre herramientas en l\u00ednea, crecimiento digital y productividad.","breadcrumb":{"@id":"https:\/\/toolizo.com\/faique-ahmad\/#breadcrumb"},"inLanguage":"es","potentialAction":[{"@type":"ReadAction","target":["https:\/\/toolizo.com\/faique-ahmad\/"]}]},{"@type":"BreadcrumbList","@id":"https:\/\/toolizo.com\/faique-ahmad\/#breadcrumb","itemListElement":[{"@type":"ListItem","position":1,"name":"Home","item":"https:\/\/toolizo.com\/"},{"@type":"ListItem","position":2,"name":"Faique Ahmad"}]},{"@type":"WebSite","@id":"https:\/\/toolizo.com\/#website","url":"https:\/\/toolizo.com\/","name":"Toolizo","description":"","publisher":{"@id":"https:\/\/toolizo.com\/#organization"},"potentialAction":[{"@type":"SearchAction","target":{"@type":"EntryPoint","urlTemplate":"https:\/\/toolizo.com\/?s={search_term_string}"},"query-input":{"@type":"PropertyValueSpecification","valueRequired":true,"valueName":"search_term_string"}}],"inLanguage":"es"},{"@type":"Organization","@id":"https:\/\/toolizo.com\/#organization","name":"Toolizo","url":"https:\/\/toolizo.com\/","logo":{"@type":"ImageObject","inLanguage":"es","@id":"https:\/\/toolizo.com\/#\/schema\/logo\/image\/","url":"https:\/\/toolizo.com\/wp-content\/uploads\/2026\/02\/cropped-Tool-1.png","contentUrl":"https:\/\/toolizo.com\/wp-content\/uploads\/2026\/02\/cropped-Tool-1.png","width":699,"height":140,"caption":"Toolizo"},"image":{"@id":"https:\/\/toolizo.com\/#\/schema\/logo\/image\/"}}]}},"_links":{"self":[{"href":"https:\/\/toolizo.com\/es\/wp-json\/wp\/v2\/pages\/95","targetHints":{"allow":["GET"]}}],"collection":[{"href":"https:\/\/toolizo.com\/es\/wp-json\/wp\/v2\/pages"}],"about":[{"href":"https:\/\/toolizo.com\/es\/wp-json\/wp\/v2\/types\/page"}],"author":[{"embeddable":true,"href":"https:\/\/toolizo.com\/es\/wp-json\/wp\/v2\/users\/1"}],"replies":[{"embeddable":true,"href":"https:\/\/toolizo.com\/es\/wp-json\/wp\/v2\/comments?post=95"}],"version-history":[{"count":2,"href":"https:\/\/toolizo.com\/es\/wp-json\/wp\/v2\/pages\/95\/revisions"}],"predecessor-version":[{"id":1243,"href":"https:\/\/toolizo.com\/es\/wp-json\/wp\/v2\/pages\/95\/revisions\/1243"}],"wp:attachment":[{"href":"https:\/\/toolizo.com\/es\/wp-json\/wp\/v2\/media?parent=95"}],"curies":[{"name":"wp","href":"https:\/\/api.w.org\/{rel}","templated":true}]}}