{"id":34,"date":"2025-12-02T17:54:23","date_gmt":"2025-12-02T17:54:23","guid":{"rendered":"https:\/\/toolizo.com\/?page_id=34"},"modified":"2025-12-02T17:54:23","modified_gmt":"2025-12-02T17:54:23","slug":"privacy-policy","status":"publish","type":"page","link":"https:\/\/toolizo.com\/fr\/privacy-policy\/","title":{"rendered":"politique de confidentialit\u00e9"},"content":{"rendered":"<p data-start=\"2468\" data-end=\"2532\"><strong data-start=\"2468\" data-end=\"2500\">Politique de confidentialit\u00e9 \u2013 Toolizo.com<\/strong><br data-start=\"2500\" data-end=\"2503\" \/><em data-start=\"2503\" data-end=\"2532\">Derni\u00e8re mise \u00e0 jour : d\u00e9cembre 2025<\/em><\/p>\n<p data-start=\"2534\" data-end=\"2727\">\u00c0 <a href=\"https:\/\/toolizo.com\/fr\/\">Toolizo.com<\/a>Votre vie priv\u00e9e et votre confiance sont primordiales pour nous. La pr\u00e9sente politique de confidentialit\u00e9 explique comment nous recueillons, utilisons et prot\u00e9geons vos informations lorsque vous utilisez notre site web et nos outils en ligne.<\/p>\n<h3 data-start=\"2729\" data-end=\"2762\"><strong data-start=\"2733\" data-end=\"2762\">1. Informations que nous recueillons<\/strong><\/h3>\n<p data-start=\"2763\" data-end=\"2838\">Toolizo.com est con\u00e7u pour \u00eatre simple et ax\u00e9 sur la confidentialit\u00e9.<br data-start=\"2820\" data-end=\"2823\" \/>Nous pouvons collecter\u00a0:<\/p>\n<ul data-start=\"2840\" data-end=\"3062\">\n<li data-start=\"2840\" data-end=\"2912\">\n<p data-start=\"2842\" data-end=\"2912\"><strong data-start=\"2842\" data-end=\"2862\">donn\u00e9es d'utilisation de base<\/strong> (analyses, pages visit\u00e9es, habitudes d'utilisation des outils)<\/p>\n<\/li>\n<li data-start=\"2913\" data-end=\"2974\">\n<p data-start=\"2915\" data-end=\"2974\"><strong data-start=\"2915\" data-end=\"2940\">Informations volontaires<\/strong> soumis via les formulaires de contact<\/p>\n<\/li>\n<li data-start=\"2975\" data-end=\"3062\">\n<p data-start=\"2977\" data-end=\"3062\"><strong data-start=\"2977\" data-end=\"3002\">Informations techniques<\/strong> comme le type de navigateur, le type d'appareil et l'adresse IP pour des raisons de s\u00e9curit\u00e9<\/p>\n<\/li>\n<\/ul>\n<p data-start=\"3064\" data-end=\"3140\">Nous <strong data-start=\"3067\" data-end=\"3077\">ne pas<\/strong> Nous ne collectons pas les adresses \u00e9lectroniques ni les donn\u00e9es nominatives, sauf si vous les partagez volontairement avec nous.<\/p>\n<h3 data-start=\"3142\" data-end=\"3180\"><strong data-start=\"3146\" data-end=\"3180\">2. Comment utilisons-nous vos informations collect\u00e9es ?<\/strong><\/h3>\n<p data-start=\"3181\" data-end=\"3206\">Nous utilisons les donn\u00e9es collect\u00e9es pour\u00a0:<\/p>\n<ul data-start=\"3208\" data-end=\"3376\">\n<li data-start=\"3208\" data-end=\"3259\">\n<p data-start=\"3210\" data-end=\"3259\">Am\u00e9liorer les performances du site web et l'exp\u00e9rience utilisateur<\/p>\n<\/li>\n<li data-start=\"3260\" data-end=\"3294\">\n<p data-start=\"3262\" data-end=\"3294\">Corriger les bugs et am\u00e9liorer nos outils<\/p>\n<\/li>\n<li data-start=\"3295\" data-end=\"3339\">\n<p data-start=\"3297\" data-end=\"3339\">Comprendre la popularit\u00e9 des outils et les analyses<\/p>\n<\/li>\n<li data-start=\"3340\" data-end=\"3376\">\n<p data-start=\"3342\" data-end=\"3376\">R\u00e9pondre aux demandes d'assistance des utilisateurs<\/p>\n<\/li>\n<\/ul>\n<p data-start=\"3378\" data-end=\"3422\">Nous <strong data-start=\"3381\" data-end=\"3421\">Ne vendez, ne louez ni n'\u00e9changez jamais vos donn\u00e9es.<\/strong>.<\/p>\n<h3 data-start=\"3424\" data-end=\"3442\"><strong data-start=\"3428\" data-end=\"3442\">3. Cookies<\/strong><\/h3>\n<p data-start=\"3443\" data-end=\"3577\">Nous utilisons des cookies standards pour le fonctionnement du site web et pour des analyses anonymes.<br data-start=\"3517\" data-end=\"3520\" \/>Vous pouvez d\u00e9sactiver les cookies \u00e0 tout moment dans les param\u00e8tres de votre navigateur.<\/p>\n<h3 data-start=\"3579\" data-end=\"3610\"><strong data-start=\"3583\" data-end=\"3610\">4. Services tiers<\/strong><\/h3>\n<p data-start=\"3611\" data-end=\"3658\">Certains services tiers peuvent \u00eatre utilis\u00e9s, tels que\u00a0:<\/p>\n<ul data-start=\"3660\" data-end=\"3759\">\n<li data-start=\"3660\" data-end=\"3708\">\n<p data-start=\"3662\" data-end=\"3708\">Fournisseurs d'analyse (par exemple, Google Analytics)<\/p>\n<\/li>\n<li data-start=\"3709\" data-end=\"3759\">\n<p data-start=\"3711\" data-end=\"3759\">r\u00e9seaux publicitaires (par exemple, Google AdSense apr\u00e8s approbation)<\/p>\n<\/li>\n<\/ul>\n<p data-start=\"3761\" data-end=\"3837\">Ces services peuvent collecter leurs propres donn\u00e9es d'utilisation conform\u00e9ment \u00e0 leurs politiques.<\/p>\n<h3 data-start=\"3839\" data-end=\"3863\"><strong data-start=\"3843\" data-end=\"3863\">5. S\u00e9curit\u00e9 des donn\u00e9es<\/strong><\/h3>\n<p data-start=\"3864\" data-end=\"3958\">Nous utilisons un cryptage SSL moderne et des serveurs s\u00e9curis\u00e9s pour prot\u00e9ger vos donn\u00e9es contre tout acc\u00e8s non autoris\u00e9.<\/p>\n<h3 data-start=\"3960\" data-end=\"3989\"><strong data-start=\"3964\" data-end=\"3989\">6. Protection de la vie priv\u00e9e des enfants<\/strong><\/h3>\n<p data-start=\"3990\" data-end=\"4073\">Toolizo.com ne collecte pas sciemment d'informations aupr\u00e8s d'enfants de moins de 13 ans.<\/p>\n<h3 data-start=\"4075\" data-end=\"4108\"><strong data-start=\"4079\" data-end=\"4108\">7. Modifications apport\u00e9es \u00e0 la pr\u00e9sente politique<\/strong><\/h3>\n<p data-start=\"4109\" data-end=\"4219\">Cette politique pourra \u00eatre mise \u00e0 jour en cas de besoin. Toute modification sera publi\u00e9e sur cette page avec une nouvelle date de \u00ab\u00a0Derni\u00e8re mise \u00e0 jour\u00a0\u00bb.<\/p>\n<h3 data-start=\"4221\" data-end=\"4239\"><strong data-start=\"4225\" data-end=\"4239\">8. Contact<\/strong><\/h3>\n<p data-start=\"4240\" data-end=\"4308\">Si vous avez des questions, envoyez-nous un courriel \u00e0\u00a0:<br data-start=\"4279\" data-end=\"4282\" \/>\ud83d\udce9 <strong data-start=\"4285\" data-end=\"4308\"><a class=\"decorated-link cursor-pointer\" rel=\"noopener\" data-start=\"4287\" data-end=\"4306\">support@toolizo.com<\/a><\/strong><\/p>","protected":false},"excerpt":{"rendered":"<p>Privacy Policy \u2013 Toolizo.comLast Updated: December 2025 At Toolizo.com, your privacy and trust are extremely important to us. This Privacy [&hellip;]<\/p>","protected":false},"author":1,"featured_media":0,"parent":0,"menu_order":0,"comment_status":"closed","ping_status":"closed","template":"","meta":{"site-sidebar-layout":"default","site-content-layout":"","ast-site-content-layout":"default","site-content-style":"default","site-sidebar-style":"default","ast-global-header-display":"","ast-banner-title-visibility":"","ast-main-header-display":"","ast-hfb-above-header-display":"","ast-hfb-below-header-display":"","ast-hfb-mobile-header-display":"","site-post-title":"","ast-breadcrumbs-content":"","ast-featured-img":"","footer-sml-layout":"","ast-disable-related-posts":"","theme-transparent-header-meta":"default","adv-header-id-meta":"","stick-header-meta":"","header-above-stick-meta":"","header-main-stick-meta":"","header-below-stick-meta":"","astra-migrate-meta-layouts":"set","ast-page-background-enabled":"default","ast-page-background-meta":{"desktop":{"background-color":"var(--ast-global-color-5)","background-image":"","background-repeat":"repeat","background-position":"center center","background-size":"auto","background-attachment":"scroll","background-type":"","background-media":"","overlay-type":"","overlay-color":"","overlay-opacity":"","overlay-gradient":""},"tablet":{"background-color":"","background-image":"","background-repeat":"repeat","background-position":"center center","background-size":"auto","background-attachment":"scroll","background-type":"","background-media":"","overlay-type":"","overlay-color":"","overlay-opacity":"","overlay-gradient":""},"mobile":{"background-color":"","background-image":"","background-repeat":"repeat","background-position":"center center","background-size":"auto","background-attachment":"scroll","background-type":"","background-media":"","overlay-type":"","overlay-color":"","overlay-opacity":"","overlay-gradient":""}},"ast-content-background-meta":{"desktop":{"background-color":"var(--ast-global-color-4)","background-image":"","background-repeat":"repeat","background-position":"center center","background-size":"auto","background-attachment":"scroll","background-type":"","background-media":"","overlay-type":"","overlay-color":"","overlay-opacity":"","overlay-gradient":""},"tablet":{"background-color":"var(--ast-global-color-4)","background-image":"","background-repeat":"repeat","background-position":"center center","background-size":"auto","background-attachment":"scroll","background-type":"","background-media":"","overlay-type":"","overlay-color":"","overlay-opacity":"","overlay-gradient":""},"mobile":{"background-color":"var(--ast-global-color-4)","background-image":"","background-repeat":"repeat","background-position":"center center","background-size":"auto","background-attachment":"scroll","background-type":"","background-media":"","overlay-type":"","overlay-color":"","overlay-opacity":"","overlay-gradient":""}},"footnotes":""},"class_list":["post-34","page","type-page","status-publish","hentry"],"yoast_head":"<!-- This site is optimized with the Yoast SEO Premium plugin v25.9 (Yoast SEO v27.4) - https:\/\/yoast.com\/product\/yoast-seo-premium-wordpress\/ -->\n<title>Privacy Policy - Toolizo<\/title>\n<meta name=\"robots\" content=\"index, follow, max-snippet:-1, max-image-preview:large, max-video-preview:-1\" \/>\n<link rel=\"canonical\" href=\"https:\/\/toolizo.com\/fr\/privacy-policy\/\" \/>\n<meta property=\"og:locale\" content=\"fr_FR\" \/>\n<meta property=\"og:type\" content=\"article\" \/>\n<meta property=\"og:title\" content=\"Privacy Policy\" \/>\n<meta property=\"og:description\" content=\"Privacy Policy \u2013 Toolizo.comLast Updated: December 2025 At Toolizo.com, your privacy and trust are extremely important to us. This Privacy [&hellip;]\" \/>\n<meta property=\"og:url\" content=\"https:\/\/toolizo.com\/fr\/privacy-policy\/\" \/>\n<meta property=\"og:site_name\" content=\"Toolizo\" \/>\n<meta name=\"twitter:card\" content=\"summary_large_image\" \/>\n<meta name=\"twitter:label1\" content=\"Est. reading time\" \/>\n\t<meta name=\"twitter:data1\" content=\"2 minutes\" \/>\n<script type=\"application\/ld+json\" class=\"yoast-schema-graph\">{\"@context\":\"https:\\\/\\\/schema.org\",\"@graph\":[{\"@type\":\"WebPage\",\"@id\":\"https:\\\/\\\/toolizo.com\\\/privacy-policy\\\/\",\"url\":\"https:\\\/\\\/toolizo.com\\\/privacy-policy\\\/\",\"name\":\"Privacy Policy - Toolizo\",\"isPartOf\":{\"@id\":\"https:\\\/\\\/toolizo.com\\\/#website\"},\"datePublished\":\"2025-12-02T17:54:23+00:00\",\"breadcrumb\":{\"@id\":\"https:\\\/\\\/toolizo.com\\\/privacy-policy\\\/#breadcrumb\"},\"inLanguage\":\"fr-FR\",\"potentialAction\":[{\"@type\":\"ReadAction\",\"target\":[\"https:\\\/\\\/toolizo.com\\\/privacy-policy\\\/\"]}]},{\"@type\":\"BreadcrumbList\",\"@id\":\"https:\\\/\\\/toolizo.com\\\/privacy-policy\\\/#breadcrumb\",\"itemListElement\":[{\"@type\":\"ListItem\",\"position\":1,\"name\":\"Home\",\"item\":\"https:\\\/\\\/toolizo.com\\\/\"},{\"@type\":\"ListItem\",\"position\":2,\"name\":\"Privacy Policy\"}]},{\"@type\":\"WebSite\",\"@id\":\"https:\\\/\\\/toolizo.com\\\/#website\",\"url\":\"https:\\\/\\\/toolizo.com\\\/\",\"name\":\"Toolizo\",\"description\":\"\",\"publisher\":{\"@id\":\"https:\\\/\\\/toolizo.com\\\/#organization\"},\"potentialAction\":[{\"@type\":\"SearchAction\",\"target\":{\"@type\":\"EntryPoint\",\"urlTemplate\":\"https:\\\/\\\/toolizo.com\\\/?s={search_term_string}\"},\"query-input\":{\"@type\":\"PropertyValueSpecification\",\"valueRequired\":true,\"valueName\":\"search_term_string\"}}],\"inLanguage\":\"fr-FR\"},{\"@type\":\"Organization\",\"@id\":\"https:\\\/\\\/toolizo.com\\\/#organization\",\"name\":\"Toolizo\",\"url\":\"https:\\\/\\\/toolizo.com\\\/\",\"logo\":{\"@type\":\"ImageObject\",\"inLanguage\":\"fr-FR\",\"@id\":\"https:\\\/\\\/toolizo.com\\\/#\\\/schema\\\/logo\\\/image\\\/\",\"url\":\"https:\\\/\\\/toolizo.com\\\/wp-content\\\/uploads\\\/2026\\\/02\\\/cropped-Tool-1.png\",\"contentUrl\":\"https:\\\/\\\/toolizo.com\\\/wp-content\\\/uploads\\\/2026\\\/02\\\/cropped-Tool-1.png\",\"width\":699,\"height\":140,\"caption\":\"Toolizo\"},\"image\":{\"@id\":\"https:\\\/\\\/toolizo.com\\\/#\\\/schema\\\/logo\\\/image\\\/\"}}]}<\/script>\n<!-- \/ Yoast SEO Premium plugin. -->","yoast_head_json":{"title":"Politique de confidentialit\u00e9 - Toolizo","robots":{"index":"index","follow":"follow","max-snippet":"max-snippet:-1","max-image-preview":"max-image-preview:large","max-video-preview":"max-video-preview:-1"},"canonical":"https:\/\/toolizo.com\/fr\/privacy-policy\/","og_locale":"fr_FR","og_type":"article","og_title":"Privacy Policy","og_description":"Privacy Policy \u2013 Toolizo.comLast Updated: December 2025 At Toolizo.com, your privacy and trust are extremely important to us. This Privacy [&hellip;]","og_url":"https:\/\/toolizo.com\/fr\/privacy-policy\/","og_site_name":"Toolizo","twitter_card":"summary_large_image","twitter_misc":{"Est. reading time":"2 minutes"},"schema":{"@context":"https:\/\/schema.org","@graph":[{"@type":"WebPage","@id":"https:\/\/toolizo.com\/privacy-policy\/","url":"https:\/\/toolizo.com\/privacy-policy\/","name":"Politique de confidentialit\u00e9 - Toolizo","isPartOf":{"@id":"https:\/\/toolizo.com\/#website"},"datePublished":"2025-12-02T17:54:23+00:00","breadcrumb":{"@id":"https:\/\/toolizo.com\/privacy-policy\/#breadcrumb"},"inLanguage":"fr-FR","potentialAction":[{"@type":"ReadAction","target":["https:\/\/toolizo.com\/privacy-policy\/"]}]},{"@type":"BreadcrumbList","@id":"https:\/\/toolizo.com\/privacy-policy\/#breadcrumb","itemListElement":[{"@type":"ListItem","position":1,"name":"Home","item":"https:\/\/toolizo.com\/"},{"@type":"ListItem","position":2,"name":"Privacy Policy"}]},{"@type":"WebSite","@id":"https:\/\/toolizo.com\/#website","url":"https:\/\/toolizo.com\/","name":"Toolizo","description":"","publisher":{"@id":"https:\/\/toolizo.com\/#organization"},"potentialAction":[{"@type":"SearchAction","target":{"@type":"EntryPoint","urlTemplate":"https:\/\/toolizo.com\/?s={search_term_string}"},"query-input":{"@type":"PropertyValueSpecification","valueRequired":true,"valueName":"search_term_string"}}],"inLanguage":"fr-FR"},{"@type":"Organization","@id":"https:\/\/toolizo.com\/#organization","name":"Toolizo","url":"https:\/\/toolizo.com\/","logo":{"@type":"ImageObject","inLanguage":"fr-FR","@id":"https:\/\/toolizo.com\/#\/schema\/logo\/image\/","url":"https:\/\/toolizo.com\/wp-content\/uploads\/2026\/02\/cropped-Tool-1.png","contentUrl":"https:\/\/toolizo.com\/wp-content\/uploads\/2026\/02\/cropped-Tool-1.png","width":699,"height":140,"caption":"Toolizo"},"image":{"@id":"https:\/\/toolizo.com\/#\/schema\/logo\/image\/"}}]}},"_links":{"self":[{"href":"https:\/\/toolizo.com\/fr\/wp-json\/wp\/v2\/pages\/34","targetHints":{"allow":["GET"]}}],"collection":[{"href":"https:\/\/toolizo.com\/fr\/wp-json\/wp\/v2\/pages"}],"about":[{"href":"https:\/\/toolizo.com\/fr\/wp-json\/wp\/v2\/types\/page"}],"author":[{"embeddable":true,"href":"https:\/\/toolizo.com\/fr\/wp-json\/wp\/v2\/users\/1"}],"replies":[{"embeddable":true,"href":"https:\/\/toolizo.com\/fr\/wp-json\/wp\/v2\/comments?post=34"}],"version-history":[{"count":0,"href":"https:\/\/toolizo.com\/fr\/wp-json\/wp\/v2\/pages\/34\/revisions"}],"wp:attachment":[{"href":"https:\/\/toolizo.com\/fr\/wp-json\/wp\/v2\/media?parent=34"}],"curies":[{"name":"wp","href":"https:\/\/api.w.org\/{rel}","templated":true}]}}