{"id":95,"date":"2025-12-02T19:23:19","date_gmt":"2025-12-02T19:23:19","guid":{"rendered":"https:\/\/toolizo.com\/?page_id=95"},"modified":"2026-04-23T18:27:22","modified_gmt":"2026-04-23T18:27:22","slug":"faique-ahmad","status":"publish","type":"page","link":"https:\/\/toolizo.com\/fr\/faique-ahmad\/","title":{"rendered":"Faique Ahmad"},"content":{"rendered":"<h2><strong>Sur moi<\/strong><\/h2>\n<p>Bienvenue sur ma page d'auteur ! Je suis Faique Ahmad, le cr\u00e9ateur de <a href=\"http:\/\/Toolizo.com\"><strong>Toolizo.com<\/strong><\/a>, une plateforme con\u00e7ue pour fournir des outils en ligne rapides, simples et fiables qui facilitent vos t\u00e2ches quotidiennes. Mon objectif est de cr\u00e9er une collection d'utilitaires de haute qualit\u00e9 \u2014 calculatrices, outils d'IA, g\u00e9n\u00e9rateurs, outils de mise en forme et outils de productivit\u00e9 \u2014 r\u00e9unis dans une interface claire et conviviale.<\/p>\n<p>Je pense que les outils en ligne devraient \u00eatre\u00a0:<br \/>\n\u2714 Gratuit<br \/>\n\u2714 Facile \u00e0 utiliser<br \/>\n\u2714 Pr\u00e9cis<br \/>\n\u2714 Accessible \u00e0 tous<br \/>\nEt c'est pr\u00e9cis\u00e9ment ce que propose Toolizo.<\/p>\n<hr \/>\n<h2><strong>Ce que je fais<\/strong><\/h2>\n<p>Je recherche, con\u00e7ois et publie des outils qui r\u00e9pondent aux besoins concrets des \u00e9tudiants, des cr\u00e9ateurs, des ind\u00e9pendants, des chefs d'entreprise et des utilisateurs au quotidien. Chaque outil est cr\u00e9\u00e9 avec soin et met l'accent sur\u00a0:<\/p>\n<ul>\n<li>exp\u00e9rience utilisateur simple et intuitive<\/li>\n<li>Calculs rapides et pr\u00e9cis<\/li>\n<li>Interface l\u00e9g\u00e8re et adapt\u00e9e aux mobiles<\/li>\n<li>D\u00e9veloppement propre, s\u00e9curis\u00e9 et respectueux de la vie priv\u00e9e<\/li>\n<\/ul>\n<p>Chaque outil sur Toolizo est con\u00e7u pour vous faire gagner du temps et vous aider \u00e0 accomplir des t\u00e2ches sans installer d'applications ni cr\u00e9er de comptes.<\/p>\n<hr \/>\n<h2><strong>Ma mission<\/strong><\/h2>\n<p>Ma mission est de faire <a href=\"http:\/\/Toolizo.com\">Toolizo.com<\/a> un centre de confiance pour :<\/p>\n<ul>\n<li>Services publics quotidiens<\/li>\n<li>calculatrices professionnelles<\/li>\n<li>Outils pratiques et utiles<\/li>\n<li>Petits outils de productivit\u00e9<\/li>\n<li>Applications web intelligentes d'IA pour des t\u00e2ches rapides<\/li>\n<\/ul>\n<p>Que vous fassiez des calculs, utilisiez l'IA, g\u00e9n\u00e9riez du texte ou analysiez des chiffres, Toolizo est l\u00e0 pour vous faciliter la t\u00e2che.<\/p>\n<hr \/>\n<h2><strong>Pourquoi Toolizo ?<\/strong><\/h2>\n<ul>\n<li>Les outils sont r\u00e9guli\u00e8rement mis \u00e0 jour.<\/li>\n<li>S\u00e9curis\u00e9 et respectueux de la vie priv\u00e9e<\/li>\n<li>Con\u00e7u pour les utilisateurs du monde entier<\/li>\n<li>100% gratuit et toujours accessible<\/li>\n<li>Am\u00e9lioration continue bas\u00e9e sur les commentaires des utilisateurs<\/li>\n<\/ul>\n<hr \/>\n<h2><strong>Connectons-nous<\/strong><\/h2>\n<p>Vous avez une id\u00e9e d'outil\u00a0? Besoin d'aide\u00a0? Vous souhaitez signaler un probl\u00e8me\u00a0?<\/p>\n<p>J'adorerais avoir de vos nouvelles.<\/p>\n<p>\ud83d\udce9 <strong>E-mail:<\/strong> <a href=\"mailto:support@toolizo.com\">support@toolizo.com<\/a><br \/>\n\ud83c\udf10 <strong>Site web:<\/strong> <a href=\"https:\/\/toolizo.com\/fr\/\">https:\/\/toolizo.com\/<\/a><\/p>\n<p>Mes outils : <a href=\"https:\/\/toolizo.com\/fr\/all-tools\/\">https:\/\/toolizo.com\/all-tools\/<\/a><\/p>\n<p>Lire le blog\u00a0: <a href=\"https:\/\/toolizo.com\/fr\/blog\/\">https:\/\/toolizo.com\/blog\/<\/a><\/p>\n<p>Vos commentaires m'aident \u00e0 concevoir des outils plus performants et plus intelligents pour tous.<\/p>\n<hr \/>\n<p>&nbsp;<\/p>","protected":false},"excerpt":{"rendered":"<p>About Me Welcome to my author page! I\u2019m Faique Ahmad the creator behind Toolizo.com, a platform built to provide fast, [&hellip;]<\/p>","protected":false},"author":1,"featured_media":0,"parent":0,"menu_order":0,"comment_status":"closed","ping_status":"closed","template":"","meta":{"site-sidebar-layout":"default","site-content-layout":"","ast-site-content-layout":"default","site-content-style":"default","site-sidebar-style":"default","ast-global-header-display":"","ast-banner-title-visibility":"","ast-main-header-display":"","ast-hfb-above-header-display":"","ast-hfb-below-header-display":"","ast-hfb-mobile-header-display":"","site-post-title":"","ast-breadcrumbs-content":"","ast-featured-img":"","footer-sml-layout":"","ast-disable-related-posts":"","theme-transparent-header-meta":"default","adv-header-id-meta":"","stick-header-meta":"","header-above-stick-meta":"","header-main-stick-meta":"","header-below-stick-meta":"","astra-migrate-meta-layouts":"set","ast-page-background-enabled":"default","ast-page-background-meta":{"desktop":{"background-color":"var(--ast-global-color-5)","background-image":"","background-repeat":"repeat","background-position":"center center","background-size":"auto","background-attachment":"scroll","background-type":"","background-media":"","overlay-type":"","overlay-color":"","overlay-opacity":"","overlay-gradient":""},"tablet":{"background-color":"","background-image":"","background-repeat":"repeat","background-position":"center center","background-size":"auto","background-attachment":"scroll","background-type":"","background-media":"","overlay-type":"","overlay-color":"","overlay-opacity":"","overlay-gradient":""},"mobile":{"background-color":"","background-image":"","background-repeat":"repeat","background-position":"center center","background-size":"auto","background-attachment":"scroll","background-type":"","background-media":"","overlay-type":"","overlay-color":"","overlay-opacity":"","overlay-gradient":""}},"ast-content-background-meta":{"desktop":{"background-color":"var(--ast-global-color-4)","background-image":"","background-repeat":"repeat","background-position":"center center","background-size":"auto","background-attachment":"scroll","background-type":"","background-media":"","overlay-type":"","overlay-color":"","overlay-opacity":"","overlay-gradient":""},"tablet":{"background-color":"var(--ast-global-color-4)","background-image":"","background-repeat":"repeat","background-position":"center center","background-size":"auto","background-attachment":"scroll","background-type":"","background-media":"","overlay-type":"","overlay-color":"","overlay-opacity":"","overlay-gradient":""},"mobile":{"background-color":"var(--ast-global-color-4)","background-image":"","background-repeat":"repeat","background-position":"center center","background-size":"auto","background-attachment":"scroll","background-type":"","background-media":"","overlay-type":"","overlay-color":"","overlay-opacity":"","overlay-gradient":""}},"footnotes":""},"class_list":["post-95","page","type-page","status-publish","hentry"],"yoast_head":"<!-- This site is optimized with the Yoast SEO Premium plugin v25.9 (Yoast SEO v27.4) - https:\/\/yoast.com\/product\/yoast-seo-premium-wordpress\/ -->\n<title>Faique Ahmad - Toolizo<\/title>\n<meta name=\"description\" content=\"Learn about Faique Ahmad, Member of Team FS and author of expert guides on online tools, digital growth, and productivity.\" \/>\n<meta name=\"robots\" content=\"index, follow, max-snippet:-1, max-image-preview:large, max-video-preview:-1\" \/>\n<link rel=\"canonical\" href=\"https:\/\/toolizo.com\/fr\/faique-ahmad\/\" \/>\n<meta property=\"og:locale\" content=\"fr_FR\" \/>\n<meta property=\"og:type\" content=\"article\" \/>\n<meta property=\"og:title\" content=\"Faique Ahmad\" \/>\n<meta property=\"og:description\" content=\"Learn about Faique Ahmad, Member of Team FS and author of expert guides on online tools, digital growth, and productivity.\" \/>\n<meta property=\"og:url\" content=\"https:\/\/toolizo.com\/fr\/faique-ahmad\/\" \/>\n<meta property=\"og:site_name\" content=\"Toolizo\" \/>\n<meta property=\"article:modified_time\" content=\"2026-04-23T18:27:22+00:00\" \/>\n<meta name=\"twitter:card\" content=\"summary_large_image\" \/>\n<meta name=\"twitter:label1\" content=\"Est. reading time\" \/>\n\t<meta name=\"twitter:data1\" content=\"2 minutes\" \/>\n<script type=\"application\/ld+json\" class=\"yoast-schema-graph\">{\"@context\":\"https:\\\/\\\/schema.org\",\"@graph\":[{\"@type\":\"WebPage\",\"@id\":\"https:\\\/\\\/toolizo.com\\\/faique-ahmad\\\/\",\"url\":\"https:\\\/\\\/toolizo.com\\\/faique-ahmad\\\/\",\"name\":\"Faique Ahmad - Toolizo\",\"isPartOf\":{\"@id\":\"https:\\\/\\\/toolizo.com\\\/#website\"},\"datePublished\":\"2025-12-02T19:23:19+00:00\",\"dateModified\":\"2026-04-23T18:27:22+00:00\",\"description\":\"Learn about Faique Ahmad, Member of Team FS and author of expert guides on online tools, digital growth, and productivity.\",\"breadcrumb\":{\"@id\":\"https:\\\/\\\/toolizo.com\\\/faique-ahmad\\\/#breadcrumb\"},\"inLanguage\":\"fr-FR\",\"potentialAction\":[{\"@type\":\"ReadAction\",\"target\":[\"https:\\\/\\\/toolizo.com\\\/faique-ahmad\\\/\"]}]},{\"@type\":\"BreadcrumbList\",\"@id\":\"https:\\\/\\\/toolizo.com\\\/faique-ahmad\\\/#breadcrumb\",\"itemListElement\":[{\"@type\":\"ListItem\",\"position\":1,\"name\":\"Home\",\"item\":\"https:\\\/\\\/toolizo.com\\\/\"},{\"@type\":\"ListItem\",\"position\":2,\"name\":\"Faique Ahmad\"}]},{\"@type\":\"WebSite\",\"@id\":\"https:\\\/\\\/toolizo.com\\\/#website\",\"url\":\"https:\\\/\\\/toolizo.com\\\/\",\"name\":\"Toolizo\",\"description\":\"\",\"publisher\":{\"@id\":\"https:\\\/\\\/toolizo.com\\\/#organization\"},\"potentialAction\":[{\"@type\":\"SearchAction\",\"target\":{\"@type\":\"EntryPoint\",\"urlTemplate\":\"https:\\\/\\\/toolizo.com\\\/?s={search_term_string}\"},\"query-input\":{\"@type\":\"PropertyValueSpecification\",\"valueRequired\":true,\"valueName\":\"search_term_string\"}}],\"inLanguage\":\"fr-FR\"},{\"@type\":\"Organization\",\"@id\":\"https:\\\/\\\/toolizo.com\\\/#organization\",\"name\":\"Toolizo\",\"url\":\"https:\\\/\\\/toolizo.com\\\/\",\"logo\":{\"@type\":\"ImageObject\",\"inLanguage\":\"fr-FR\",\"@id\":\"https:\\\/\\\/toolizo.com\\\/#\\\/schema\\\/logo\\\/image\\\/\",\"url\":\"https:\\\/\\\/toolizo.com\\\/wp-content\\\/uploads\\\/2026\\\/02\\\/cropped-Tool-1.png\",\"contentUrl\":\"https:\\\/\\\/toolizo.com\\\/wp-content\\\/uploads\\\/2026\\\/02\\\/cropped-Tool-1.png\",\"width\":699,\"height\":140,\"caption\":\"Toolizo\"},\"image\":{\"@id\":\"https:\\\/\\\/toolizo.com\\\/#\\\/schema\\\/logo\\\/image\\\/\"}}]}<\/script>\n<!-- \/ Yoast SEO Premium plugin. -->","yoast_head_json":{"title":"Faique Ahmad - Toolizo","description":"D\u00e9couvrez Faique Ahmad, membre de l'\u00e9quipe FS et auteur de guides d'experts sur les outils en ligne, la croissance num\u00e9rique et la productivit\u00e9.","robots":{"index":"index","follow":"follow","max-snippet":"max-snippet:-1","max-image-preview":"max-image-preview:large","max-video-preview":"max-video-preview:-1"},"canonical":"https:\/\/toolizo.com\/fr\/faique-ahmad\/","og_locale":"fr_FR","og_type":"article","og_title":"Faique Ahmad","og_description":"Learn about Faique Ahmad, Member of Team FS and author of expert guides on online tools, digital growth, and productivity.","og_url":"https:\/\/toolizo.com\/fr\/faique-ahmad\/","og_site_name":"Toolizo","article_modified_time":"2026-04-23T18:27:22+00:00","twitter_card":"summary_large_image","twitter_misc":{"Est. reading time":"2 minutes"},"schema":{"@context":"https:\/\/schema.org","@graph":[{"@type":"WebPage","@id":"https:\/\/toolizo.com\/faique-ahmad\/","url":"https:\/\/toolizo.com\/faique-ahmad\/","name":"Faique Ahmad - Toolizo","isPartOf":{"@id":"https:\/\/toolizo.com\/#website"},"datePublished":"2025-12-02T19:23:19+00:00","dateModified":"2026-04-23T18:27:22+00:00","description":"D\u00e9couvrez Faique Ahmad, membre de l'\u00e9quipe FS et auteur de guides d'experts sur les outils en ligne, la croissance num\u00e9rique et la productivit\u00e9.","breadcrumb":{"@id":"https:\/\/toolizo.com\/faique-ahmad\/#breadcrumb"},"inLanguage":"fr-FR","potentialAction":[{"@type":"ReadAction","target":["https:\/\/toolizo.com\/faique-ahmad\/"]}]},{"@type":"BreadcrumbList","@id":"https:\/\/toolizo.com\/faique-ahmad\/#breadcrumb","itemListElement":[{"@type":"ListItem","position":1,"name":"Home","item":"https:\/\/toolizo.com\/"},{"@type":"ListItem","position":2,"name":"Faique Ahmad"}]},{"@type":"WebSite","@id":"https:\/\/toolizo.com\/#website","url":"https:\/\/toolizo.com\/","name":"Toolizo","description":"","publisher":{"@id":"https:\/\/toolizo.com\/#organization"},"potentialAction":[{"@type":"SearchAction","target":{"@type":"EntryPoint","urlTemplate":"https:\/\/toolizo.com\/?s={search_term_string}"},"query-input":{"@type":"PropertyValueSpecification","valueRequired":true,"valueName":"search_term_string"}}],"inLanguage":"fr-FR"},{"@type":"Organization","@id":"https:\/\/toolizo.com\/#organization","name":"Toolizo","url":"https:\/\/toolizo.com\/","logo":{"@type":"ImageObject","inLanguage":"fr-FR","@id":"https:\/\/toolizo.com\/#\/schema\/logo\/image\/","url":"https:\/\/toolizo.com\/wp-content\/uploads\/2026\/02\/cropped-Tool-1.png","contentUrl":"https:\/\/toolizo.com\/wp-content\/uploads\/2026\/02\/cropped-Tool-1.png","width":699,"height":140,"caption":"Toolizo"},"image":{"@id":"https:\/\/toolizo.com\/#\/schema\/logo\/image\/"}}]}},"_links":{"self":[{"href":"https:\/\/toolizo.com\/fr\/wp-json\/wp\/v2\/pages\/95","targetHints":{"allow":["GET"]}}],"collection":[{"href":"https:\/\/toolizo.com\/fr\/wp-json\/wp\/v2\/pages"}],"about":[{"href":"https:\/\/toolizo.com\/fr\/wp-json\/wp\/v2\/types\/page"}],"author":[{"embeddable":true,"href":"https:\/\/toolizo.com\/fr\/wp-json\/wp\/v2\/users\/1"}],"replies":[{"embeddable":true,"href":"https:\/\/toolizo.com\/fr\/wp-json\/wp\/v2\/comments?post=95"}],"version-history":[{"count":2,"href":"https:\/\/toolizo.com\/fr\/wp-json\/wp\/v2\/pages\/95\/revisions"}],"predecessor-version":[{"id":1243,"href":"https:\/\/toolizo.com\/fr\/wp-json\/wp\/v2\/pages\/95\/revisions\/1243"}],"wp:attachment":[{"href":"https:\/\/toolizo.com\/fr\/wp-json\/wp\/v2\/media?parent=95"}],"curies":[{"name":"wp","href":"https:\/\/api.w.org\/{rel}","templated":true}]}}