{"id":24,"date":"2025-12-02T17:25:54","date_gmt":"2025-12-02T17:25:54","guid":{"rendered":"https:\/\/toolizo.com\/?page_id=24"},"modified":"2026-04-23T18:24:03","modified_gmt":"2026-04-23T18:24:03","slug":"about","status":"publish","type":"page","link":"https:\/\/toolizo.com\/it\/about\/","title":{"rendered":"Di"},"content":{"rendered":"<p data-start=\"648\" data-end=\"919\">Benvenuti a <a href=\"https:\/\/toolizo.com\/it\/\"><strong data-start=\"659\" data-end=\"674\">Toolizo.com<\/strong><\/a>, la tua destinazione unica per strumenti e utilit\u00e0 online potenti e facili da usare. La nostra missione \u00e8 semplice: rendere le tue attivit\u00e0 digitali quotidiane pi\u00f9 veloci, intelligenti e convenienti, senza bisogno di scaricare alcun software o creare un account.<\/p>\n<p data-start=\"921\" data-end=\"1179\">Noi di Toolizo offriamo una collezione sempre pi\u00f9 ampia di <strong data-start=\"968\" data-end=\"1111\">Strumenti per la produttivit\u00e0, utilit\u00e0 di calcolo, strumenti di intelligenza artificiale online, strumenti SEO, strumenti di testo, utilit\u00e0 per i social media e molte altre funzionalit\u00e0 intelligenti.<\/strong> Pensato per studenti, creatori, liberi professionisti e utenti di tutti i giorni.<\/p>\n<p data-start=\"1181\" data-end=\"1293\">Crediamo che internet debba essere semplice e utile. Ecco perch\u00e9 ogni strumento su <a href=\"https:\/\/toolizo.com\/it\/\">Toolizo.com<\/a> \u00e8 creato con:<\/p>\n<ul data-start=\"1295\" data-end=\"1480\">\n<li data-start=\"1295\" data-end=\"1340\">\n<p data-start=\"1297\" data-end=\"1340\"><strong data-start=\"1297\" data-end=\"1338\">Prestazioni rapide e risultati precisi.<\/strong><\/p>\n<\/li>\n<li data-start=\"1341\" data-end=\"1392\">\n<p data-start=\"1343\" data-end=\"1392\"><strong data-start=\"1343\" data-end=\"1390\">Interfaccia moderna, semplice e intuitiva<\/strong><\/p>\n<\/li>\n<li data-start=\"1393\" data-end=\"1438\">\n<p data-start=\"1395\" data-end=\"1438\"><strong data-start=\"1395\" data-end=\"1436\">Elaborazione sicura e rispettosa della privacy<\/strong><\/p>\n<\/li>\n<li data-start=\"1439\" data-end=\"1480\">\n<p data-start=\"1441\" data-end=\"1480\"><strong data-start=\"1441\" data-end=\"1480\">Funzionalit\u00e0 utili per esigenze reali<\/strong><\/p>\n<\/li>\n<\/ul>\n<p data-start=\"1482\" data-end=\"1640\">Il nostro obiettivo \u00e8 quello di creare una delle pi\u00f9 grandi e utili librerie di strumenti su internet, e aggiungiamo continuamente nuovi strumenti ogni settimana in base al feedback degli utenti.<\/p>\n<p data-start=\"1642\" data-end=\"1762\">Se avete suggerimenti o desiderate che sviluppiamo un nuovo strumento, non esitate a contattarci in qualsiasi momento a questo indirizzo:<br data-start=\"1733\" data-end=\"1736\" \/>\ud83d\udce9 <strong data-start=\"1739\" data-end=\"1762\"><a class=\"decorated-link cursor-pointer\" rel=\"noopener\" data-start=\"1741\" data-end=\"1760\">support@toolizo.com<\/a><\/strong><\/p>\n<p data-start=\"1764\" data-end=\"1833\">Grazie per aver scelto Toolizo.com: strumenti intelligenti per risultati ancora migliori.<\/p>","protected":false},"excerpt":{"rendered":"<p>Welcome to Toolizo.com, your all-in-one destination for powerful, easy-to-use online tools and utilities. Our mission is simple: to make your [&hellip;]<\/p>","protected":false},"author":1,"featured_media":0,"parent":0,"menu_order":0,"comment_status":"closed","ping_status":"closed","template":"","meta":{"site-sidebar-layout":"default","site-content-layout":"","ast-site-content-layout":"default","site-content-style":"default","site-sidebar-style":"default","ast-global-header-display":"","ast-banner-title-visibility":"","ast-main-header-display":"","ast-hfb-above-header-display":"","ast-hfb-below-header-display":"","ast-hfb-mobile-header-display":"","site-post-title":"","ast-breadcrumbs-content":"","ast-featured-img":"","footer-sml-layout":"","ast-disable-related-posts":"","theme-transparent-header-meta":"default","adv-header-id-meta":"","stick-header-meta":"","header-above-stick-meta":"","header-main-stick-meta":"","header-below-stick-meta":"","astra-migrate-meta-layouts":"set","ast-page-background-enabled":"default","ast-page-background-meta":{"desktop":{"background-color":"var(--ast-global-color-5)","background-image":"","background-repeat":"repeat","background-position":"center center","background-size":"auto","background-attachment":"scroll","background-type":"","background-media":"","overlay-type":"","overlay-color":"","overlay-opacity":"","overlay-gradient":""},"tablet":{"background-color":"","background-image":"","background-repeat":"repeat","background-position":"center center","background-size":"auto","background-attachment":"scroll","background-type":"","background-media":"","overlay-type":"","overlay-color":"","overlay-opacity":"","overlay-gradient":""},"mobile":{"background-color":"","background-image":"","background-repeat":"repeat","background-position":"center center","background-size":"auto","background-attachment":"scroll","background-type":"","background-media":"","overlay-type":"","overlay-color":"","overlay-opacity":"","overlay-gradient":""}},"ast-content-background-meta":{"desktop":{"background-color":"var(--ast-global-color-4)","background-image":"","background-repeat":"repeat","background-position":"center center","background-size":"auto","background-attachment":"scroll","background-type":"","background-media":"","overlay-type":"","overlay-color":"","overlay-opacity":"","overlay-gradient":""},"tablet":{"background-color":"var(--ast-global-color-4)","background-image":"","background-repeat":"repeat","background-position":"center center","background-size":"auto","background-attachment":"scroll","background-type":"","background-media":"","overlay-type":"","overlay-color":"","overlay-opacity":"","overlay-gradient":""},"mobile":{"background-color":"var(--ast-global-color-4)","background-image":"","background-repeat":"repeat","background-position":"center center","background-size":"auto","background-attachment":"scroll","background-type":"","background-media":"","overlay-type":"","overlay-color":"","overlay-opacity":"","overlay-gradient":""}},"footnotes":""},"class_list":["post-24","page","type-page","status-publish","hentry"],"yoast_head":"<!-- This site is optimized with the Yoast SEO Premium plugin v25.9 (Yoast SEO v27.4) - https:\/\/yoast.com\/product\/yoast-seo-premium-wordpress\/ -->\n<title>About - Toolizo<\/title>\n<meta name=\"description\" content=\"Learn about Toolizo, your go\u2011to platform for smart tools and resources. Discover our mission to simplify tasks and empower productivity.\" \/>\n<meta name=\"robots\" content=\"index, follow, max-snippet:-1, max-image-preview:large, max-video-preview:-1\" \/>\n<link rel=\"canonical\" href=\"https:\/\/toolizo.com\/it\/about\/\" \/>\n<meta property=\"og:locale\" content=\"it_IT\" \/>\n<meta property=\"og:type\" content=\"article\" \/>\n<meta property=\"og:title\" content=\"About\" \/>\n<meta property=\"og:description\" content=\"Learn about Toolizo, your go\u2011to platform for smart tools and resources. Discover our mission to simplify tasks and empower productivity.\" \/>\n<meta property=\"og:url\" content=\"https:\/\/toolizo.com\/it\/about\/\" \/>\n<meta property=\"og:site_name\" content=\"Toolizo\" \/>\n<meta property=\"article:modified_time\" content=\"2026-04-23T18:24:03+00:00\" \/>\n<meta name=\"twitter:card\" content=\"summary_large_image\" \/>\n<meta name=\"twitter:label1\" content=\"Tempo di lettura stimato\" \/>\n\t<meta name=\"twitter:data1\" content=\"1 minuto\" \/>\n<script type=\"application\/ld+json\" class=\"yoast-schema-graph\">{\"@context\":\"https:\\\/\\\/schema.org\",\"@graph\":[{\"@type\":\"WebPage\",\"@id\":\"https:\\\/\\\/toolizo.com\\\/about\\\/\",\"url\":\"https:\\\/\\\/toolizo.com\\\/about\\\/\",\"name\":\"About - Toolizo\",\"isPartOf\":{\"@id\":\"https:\\\/\\\/toolizo.com\\\/#website\"},\"datePublished\":\"2025-12-02T17:25:54+00:00\",\"dateModified\":\"2026-04-23T18:24:03+00:00\",\"description\":\"Learn about Toolizo, your go\u2011to platform for smart tools and resources. Discover our mission to simplify tasks and empower productivity.\",\"breadcrumb\":{\"@id\":\"https:\\\/\\\/toolizo.com\\\/about\\\/#breadcrumb\"},\"inLanguage\":\"it-IT\",\"potentialAction\":[{\"@type\":\"ReadAction\",\"target\":[\"https:\\\/\\\/toolizo.com\\\/about\\\/\"]}]},{\"@type\":\"BreadcrumbList\",\"@id\":\"https:\\\/\\\/toolizo.com\\\/about\\\/#breadcrumb\",\"itemListElement\":[{\"@type\":\"ListItem\",\"position\":1,\"name\":\"Home\",\"item\":\"https:\\\/\\\/toolizo.com\\\/\"},{\"@type\":\"ListItem\",\"position\":2,\"name\":\"About\"}]},{\"@type\":\"WebSite\",\"@id\":\"https:\\\/\\\/toolizo.com\\\/#website\",\"url\":\"https:\\\/\\\/toolizo.com\\\/\",\"name\":\"Toolizo\",\"description\":\"\",\"publisher\":{\"@id\":\"https:\\\/\\\/toolizo.com\\\/#organization\"},\"potentialAction\":[{\"@type\":\"SearchAction\",\"target\":{\"@type\":\"EntryPoint\",\"urlTemplate\":\"https:\\\/\\\/toolizo.com\\\/?s={search_term_string}\"},\"query-input\":{\"@type\":\"PropertyValueSpecification\",\"valueRequired\":true,\"valueName\":\"search_term_string\"}}],\"inLanguage\":\"it-IT\"},{\"@type\":\"Organization\",\"@id\":\"https:\\\/\\\/toolizo.com\\\/#organization\",\"name\":\"Toolizo\",\"url\":\"https:\\\/\\\/toolizo.com\\\/\",\"logo\":{\"@type\":\"ImageObject\",\"inLanguage\":\"it-IT\",\"@id\":\"https:\\\/\\\/toolizo.com\\\/#\\\/schema\\\/logo\\\/image\\\/\",\"url\":\"https:\\\/\\\/toolizo.com\\\/wp-content\\\/uploads\\\/2026\\\/02\\\/cropped-Tool-1.png\",\"contentUrl\":\"https:\\\/\\\/toolizo.com\\\/wp-content\\\/uploads\\\/2026\\\/02\\\/cropped-Tool-1.png\",\"width\":699,\"height\":140,\"caption\":\"Toolizo\"},\"image\":{\"@id\":\"https:\\\/\\\/toolizo.com\\\/#\\\/schema\\\/logo\\\/image\\\/\"}}]}<\/script>\n<!-- \/ Yoast SEO Premium plugin. -->","yoast_head_json":{"title":"Informazioni su Toolizo","description":"Scopri Toolizo, la tua piattaforma di riferimento per strumenti e risorse intelligenti. Scopri la nostra missione: semplificare le attivit\u00e0 e aumentare la produttivit\u00e0.","robots":{"index":"index","follow":"follow","max-snippet":"max-snippet:-1","max-image-preview":"max-image-preview:large","max-video-preview":"max-video-preview:-1"},"canonical":"https:\/\/toolizo.com\/it\/about\/","og_locale":"it_IT","og_type":"article","og_title":"About","og_description":"Learn about Toolizo, your go\u2011to platform for smart tools and resources. Discover our mission to simplify tasks and empower productivity.","og_url":"https:\/\/toolizo.com\/it\/about\/","og_site_name":"Toolizo","article_modified_time":"2026-04-23T18:24:03+00:00","twitter_card":"summary_large_image","twitter_misc":{"Tempo di lettura stimato":"1 minuto"},"schema":{"@context":"https:\/\/schema.org","@graph":[{"@type":"WebPage","@id":"https:\/\/toolizo.com\/about\/","url":"https:\/\/toolizo.com\/about\/","name":"Informazioni su Toolizo","isPartOf":{"@id":"https:\/\/toolizo.com\/#website"},"datePublished":"2025-12-02T17:25:54+00:00","dateModified":"2026-04-23T18:24:03+00:00","description":"Scopri Toolizo, la tua piattaforma di riferimento per strumenti e risorse intelligenti. Scopri la nostra missione: semplificare le attivit\u00e0 e aumentare la produttivit\u00e0.","breadcrumb":{"@id":"https:\/\/toolizo.com\/about\/#breadcrumb"},"inLanguage":"it-IT","potentialAction":[{"@type":"ReadAction","target":["https:\/\/toolizo.com\/about\/"]}]},{"@type":"BreadcrumbList","@id":"https:\/\/toolizo.com\/about\/#breadcrumb","itemListElement":[{"@type":"ListItem","position":1,"name":"Home","item":"https:\/\/toolizo.com\/"},{"@type":"ListItem","position":2,"name":"About"}]},{"@type":"WebSite","@id":"https:\/\/toolizo.com\/#website","url":"https:\/\/toolizo.com\/","name":"Toolizo","description":"","publisher":{"@id":"https:\/\/toolizo.com\/#organization"},"potentialAction":[{"@type":"SearchAction","target":{"@type":"EntryPoint","urlTemplate":"https:\/\/toolizo.com\/?s={search_term_string}"},"query-input":{"@type":"PropertyValueSpecification","valueRequired":true,"valueName":"search_term_string"}}],"inLanguage":"it-IT"},{"@type":"Organization","@id":"https:\/\/toolizo.com\/#organization","name":"Toolizo","url":"https:\/\/toolizo.com\/","logo":{"@type":"ImageObject","inLanguage":"it-IT","@id":"https:\/\/toolizo.com\/#\/schema\/logo\/image\/","url":"https:\/\/toolizo.com\/wp-content\/uploads\/2026\/02\/cropped-Tool-1.png","contentUrl":"https:\/\/toolizo.com\/wp-content\/uploads\/2026\/02\/cropped-Tool-1.png","width":699,"height":140,"caption":"Toolizo"},"image":{"@id":"https:\/\/toolizo.com\/#\/schema\/logo\/image\/"}}]}},"_links":{"self":[{"href":"https:\/\/toolizo.com\/it\/wp-json\/wp\/v2\/pages\/24","targetHints":{"allow":["GET"]}}],"collection":[{"href":"https:\/\/toolizo.com\/it\/wp-json\/wp\/v2\/pages"}],"about":[{"href":"https:\/\/toolizo.com\/it\/wp-json\/wp\/v2\/types\/page"}],"author":[{"embeddable":true,"href":"https:\/\/toolizo.com\/it\/wp-json\/wp\/v2\/users\/1"}],"replies":[{"embeddable":true,"href":"https:\/\/toolizo.com\/it\/wp-json\/wp\/v2\/comments?post=24"}],"version-history":[{"count":2,"href":"https:\/\/toolizo.com\/it\/wp-json\/wp\/v2\/pages\/24\/revisions"}],"predecessor-version":[{"id":1407,"href":"https:\/\/toolizo.com\/it\/wp-json\/wp\/v2\/pages\/24\/revisions\/1407"}],"wp:attachment":[{"href":"https:\/\/toolizo.com\/it\/wp-json\/wp\/v2\/media?parent=24"}],"curies":[{"name":"wp","href":"https:\/\/api.w.org\/{rel}","templated":true}]}}