{"id":95,"date":"2025-12-02T19:23:19","date_gmt":"2025-12-02T19:23:19","guid":{"rendered":"https:\/\/toolizo.com\/?page_id=95"},"modified":"2026-04-23T18:27:22","modified_gmt":"2026-04-23T18:27:22","slug":"faique-ahmad","status":"publish","type":"page","link":"https:\/\/toolizo.com\/it\/faique-ahmad\/","title":{"rendered":"Faique Ahmad"},"content":{"rendered":"<h2><strong>Su di me<\/strong><\/h2>\n<p>Benvenuti sulla mia pagina autore! Sono Faique Ahmad, il creatore di <a href=\"http:\/\/Toolizo.com\"><strong>Toolizo.com<\/strong><\/a>, una piattaforma creata per fornire strumenti online veloci, semplici e affidabili che semplifichino le attivit\u00e0 quotidiane. Il mio obiettivo \u00e8 creare una raccolta di utility di alta qualit\u00e0 \u2013 calcolatrici, strumenti di intelligenza artificiale, generatori, formattatori e strumenti per la produttivit\u00e0 \u2013 il tutto in un unico luogo pulito e intuitivo.<\/p>\n<p>Credo che gli strumenti online dovrebbero essere:<br \/>\n\u2714 Gratuito<br \/>\n\u2714 Facile da usare<br \/>\n\u2714 Preciso<br \/>\n\u2714 Accessibile a tutti<br \/>\nEd \u00e8 esattamente ci\u00f2 che Toolizo offre.<\/p>\n<hr \/>\n<h2><strong>Cosa faccio<\/strong><\/h2>\n<p>Ricerco, progetto e pubblico strumenti che risolvono problemi reali per studenti, creatori, freelance, imprenditori e utenti comuni. Ogni strumento \u00e8 creato con cura, concentrandosi su:<\/p>\n<ul>\n<li>Esperienza utente semplice e intuitiva<\/li>\n<li>Calcoli rapidi e precisi<\/li>\n<li>Interfaccia leggera e ottimizzata per dispositivi mobili.<\/li>\n<li>Sviluppo pulito, sicuro e incentrato sulla privacy<\/li>\n<\/ul>\n<p>Ogni strumento su Toolizo \u00e8 progettato per farti risparmiare tempo e aiutarti a completare le attivit\u00e0 senza installare app o creare account.<\/p>\n<hr \/>\n<h2><strong>La mia missione<\/strong><\/h2>\n<p>La mia missione \u00e8 realizzare <a href=\"http:\/\/Toolizo.com\">Toolizo.com<\/a> Un punto di riferimento affidabile per:<\/p>\n<ul>\n<li>Utenze quotidiane<\/li>\n<li>Calcolatrici professionali<\/li>\n<li>Strumenti utili e pratici<\/li>\n<li>Piccoli strumenti per aumentare la produttivit\u00e0<\/li>\n<li>Applicazioni web intelligenti basate sull'intelligenza artificiale per attivit\u00e0 rapide<\/li>\n<\/ul>\n<p>Che si tratti di calcoli, intelligenza artificiale, generazione di testo o analisi di dati numerici, Toolizo \u00e8 qui per semplificarti il \u200b\u200blavoro.<\/p>\n<hr \/>\n<h2><strong>Perch\u00e9 Toolizo?<\/strong><\/h2>\n<ul>\n<li>Gli strumenti vengono aggiornati regolarmente<\/li>\n<li>Sicuro e attento alla privacy<\/li>\n<li>Progettato per utenti globali<\/li>\n<li>100% gratuito e sempre accessibile<\/li>\n<li>In continuo miglioramento grazie al feedback degli utenti.<\/li>\n<\/ul>\n<hr \/>\n<h2><strong>Mettiamoci in contatto<\/strong><\/h2>\n<p>Hai un'idea per uno strumento? Hai bisogno di supporto? Vuoi segnalare un problema?<\/p>\n<p>Mi farebbe piacere ricevere un tuo riscontro.<\/p>\n<p>\ud83d\udce9 <strong>E-mail:<\/strong> <a href=\"mailto:support@toolizo.com\">support@toolizo.com<\/a><br \/>\n\ud83c\udf10 <strong>Sito web:<\/strong> <a href=\"https:\/\/toolizo.com\/it\/\">https:\/\/toolizo.com\/<\/a><\/p>\n<p>I miei strumenti: <a href=\"https:\/\/toolizo.com\/it\/all-tools\/\">https:\/\/toolizo.com\/all-tools\/<\/a><\/p>\n<p>Leggi il blog: <a href=\"https:\/\/toolizo.com\/it\/blog\/\">https:\/\/toolizo.com\/blog\/<\/a><\/p>\n<p>Il vostro feedback mi aiuta a creare strumenti migliori e pi\u00f9 intelligenti per tutti.<\/p>\n<hr \/>\n<p>&nbsp;<\/p>","protected":false},"excerpt":{"rendered":"<p>About Me Welcome to my author page! I\u2019m Faique Ahmad the creator behind Toolizo.com, a platform built to provide fast, [&hellip;]<\/p>","protected":false},"author":1,"featured_media":0,"parent":0,"menu_order":0,"comment_status":"closed","ping_status":"closed","template":"","meta":{"site-sidebar-layout":"default","site-content-layout":"","ast-site-content-layout":"default","site-content-style":"default","site-sidebar-style":"default","ast-global-header-display":"","ast-banner-title-visibility":"","ast-main-header-display":"","ast-hfb-above-header-display":"","ast-hfb-below-header-display":"","ast-hfb-mobile-header-display":"","site-post-title":"","ast-breadcrumbs-content":"","ast-featured-img":"","footer-sml-layout":"","ast-disable-related-posts":"","theme-transparent-header-meta":"default","adv-header-id-meta":"","stick-header-meta":"","header-above-stick-meta":"","header-main-stick-meta":"","header-below-stick-meta":"","astra-migrate-meta-layouts":"set","ast-page-background-enabled":"default","ast-page-background-meta":{"desktop":{"background-color":"var(--ast-global-color-5)","background-image":"","background-repeat":"repeat","background-position":"center center","background-size":"auto","background-attachment":"scroll","background-type":"","background-media":"","overlay-type":"","overlay-color":"","overlay-opacity":"","overlay-gradient":""},"tablet":{"background-color":"","background-image":"","background-repeat":"repeat","background-position":"center center","background-size":"auto","background-attachment":"scroll","background-type":"","background-media":"","overlay-type":"","overlay-color":"","overlay-opacity":"","overlay-gradient":""},"mobile":{"background-color":"","background-image":"","background-repeat":"repeat","background-position":"center center","background-size":"auto","background-attachment":"scroll","background-type":"","background-media":"","overlay-type":"","overlay-color":"","overlay-opacity":"","overlay-gradient":""}},"ast-content-background-meta":{"desktop":{"background-color":"var(--ast-global-color-4)","background-image":"","background-repeat":"repeat","background-position":"center center","background-size":"auto","background-attachment":"scroll","background-type":"","background-media":"","overlay-type":"","overlay-color":"","overlay-opacity":"","overlay-gradient":""},"tablet":{"background-color":"var(--ast-global-color-4)","background-image":"","background-repeat":"repeat","background-position":"center center","background-size":"auto","background-attachment":"scroll","background-type":"","background-media":"","overlay-type":"","overlay-color":"","overlay-opacity":"","overlay-gradient":""},"mobile":{"background-color":"var(--ast-global-color-4)","background-image":"","background-repeat":"repeat","background-position":"center center","background-size":"auto","background-attachment":"scroll","background-type":"","background-media":"","overlay-type":"","overlay-color":"","overlay-opacity":"","overlay-gradient":""}},"footnotes":""},"class_list":["post-95","page","type-page","status-publish","hentry"],"yoast_head":"<!-- This site is optimized with the Yoast SEO Premium plugin v25.9 (Yoast SEO v27.4) - https:\/\/yoast.com\/product\/yoast-seo-premium-wordpress\/ -->\n<title>Faique Ahmad - Toolizo<\/title>\n<meta name=\"description\" content=\"Learn about Faique Ahmad, Member of Team FS and author of expert guides on online tools, digital growth, and productivity.\" \/>\n<meta name=\"robots\" content=\"index, follow, max-snippet:-1, max-image-preview:large, max-video-preview:-1\" \/>\n<link rel=\"canonical\" href=\"https:\/\/toolizo.com\/it\/faique-ahmad\/\" \/>\n<meta property=\"og:locale\" content=\"it_IT\" \/>\n<meta property=\"og:type\" content=\"article\" \/>\n<meta property=\"og:title\" content=\"Faique Ahmad\" \/>\n<meta property=\"og:description\" content=\"Learn about Faique Ahmad, Member of Team FS and author of expert guides on online tools, digital growth, and productivity.\" \/>\n<meta property=\"og:url\" content=\"https:\/\/toolizo.com\/it\/faique-ahmad\/\" \/>\n<meta property=\"og:site_name\" content=\"Toolizo\" \/>\n<meta property=\"article:modified_time\" content=\"2026-04-23T18:27:22+00:00\" \/>\n<meta name=\"twitter:card\" content=\"summary_large_image\" \/>\n<meta name=\"twitter:label1\" content=\"Est. reading time\" \/>\n\t<meta name=\"twitter:data1\" content=\"2 minuti\" \/>\n<script type=\"application\/ld+json\" class=\"yoast-schema-graph\">{\"@context\":\"https:\\\/\\\/schema.org\",\"@graph\":[{\"@type\":\"WebPage\",\"@id\":\"https:\\\/\\\/toolizo.com\\\/faique-ahmad\\\/\",\"url\":\"https:\\\/\\\/toolizo.com\\\/faique-ahmad\\\/\",\"name\":\"Faique Ahmad - Toolizo\",\"isPartOf\":{\"@id\":\"https:\\\/\\\/toolizo.com\\\/#website\"},\"datePublished\":\"2025-12-02T19:23:19+00:00\",\"dateModified\":\"2026-04-23T18:27:22+00:00\",\"description\":\"Learn about Faique Ahmad, Member of Team FS and author of expert guides on online tools, digital growth, and productivity.\",\"breadcrumb\":{\"@id\":\"https:\\\/\\\/toolizo.com\\\/faique-ahmad\\\/#breadcrumb\"},\"inLanguage\":\"it-IT\",\"potentialAction\":[{\"@type\":\"ReadAction\",\"target\":[\"https:\\\/\\\/toolizo.com\\\/faique-ahmad\\\/\"]}]},{\"@type\":\"BreadcrumbList\",\"@id\":\"https:\\\/\\\/toolizo.com\\\/faique-ahmad\\\/#breadcrumb\",\"itemListElement\":[{\"@type\":\"ListItem\",\"position\":1,\"name\":\"Home\",\"item\":\"https:\\\/\\\/toolizo.com\\\/\"},{\"@type\":\"ListItem\",\"position\":2,\"name\":\"Faique Ahmad\"}]},{\"@type\":\"WebSite\",\"@id\":\"https:\\\/\\\/toolizo.com\\\/#website\",\"url\":\"https:\\\/\\\/toolizo.com\\\/\",\"name\":\"Toolizo\",\"description\":\"\",\"publisher\":{\"@id\":\"https:\\\/\\\/toolizo.com\\\/#organization\"},\"potentialAction\":[{\"@type\":\"SearchAction\",\"target\":{\"@type\":\"EntryPoint\",\"urlTemplate\":\"https:\\\/\\\/toolizo.com\\\/?s={search_term_string}\"},\"query-input\":{\"@type\":\"PropertyValueSpecification\",\"valueRequired\":true,\"valueName\":\"search_term_string\"}}],\"inLanguage\":\"it-IT\"},{\"@type\":\"Organization\",\"@id\":\"https:\\\/\\\/toolizo.com\\\/#organization\",\"name\":\"Toolizo\",\"url\":\"https:\\\/\\\/toolizo.com\\\/\",\"logo\":{\"@type\":\"ImageObject\",\"inLanguage\":\"it-IT\",\"@id\":\"https:\\\/\\\/toolizo.com\\\/#\\\/schema\\\/logo\\\/image\\\/\",\"url\":\"https:\\\/\\\/toolizo.com\\\/wp-content\\\/uploads\\\/2026\\\/02\\\/cropped-Tool-1.png\",\"contentUrl\":\"https:\\\/\\\/toolizo.com\\\/wp-content\\\/uploads\\\/2026\\\/02\\\/cropped-Tool-1.png\",\"width\":699,\"height\":140,\"caption\":\"Toolizo\"},\"image\":{\"@id\":\"https:\\\/\\\/toolizo.com\\\/#\\\/schema\\\/logo\\\/image\\\/\"}}]}<\/script>\n<!-- \/ Yoast SEO Premium plugin. -->","yoast_head_json":{"title":"Faique Ahmad - Toolizo","description":"Scopri di pi\u00f9 su Faique Ahmad, membro del Team FS e autore di guide specialistiche su strumenti online, crescita digitale e produttivit\u00e0.","robots":{"index":"index","follow":"follow","max-snippet":"max-snippet:-1","max-image-preview":"max-image-preview:large","max-video-preview":"max-video-preview:-1"},"canonical":"https:\/\/toolizo.com\/it\/faique-ahmad\/","og_locale":"it_IT","og_type":"article","og_title":"Faique Ahmad","og_description":"Learn about Faique Ahmad, Member of Team FS and author of expert guides on online tools, digital growth, and productivity.","og_url":"https:\/\/toolizo.com\/it\/faique-ahmad\/","og_site_name":"Toolizo","article_modified_time":"2026-04-23T18:27:22+00:00","twitter_card":"summary_large_image","twitter_misc":{"Est. reading time":"2 minuti"},"schema":{"@context":"https:\/\/schema.org","@graph":[{"@type":"WebPage","@id":"https:\/\/toolizo.com\/faique-ahmad\/","url":"https:\/\/toolizo.com\/faique-ahmad\/","name":"Faique Ahmad - Toolizo","isPartOf":{"@id":"https:\/\/toolizo.com\/#website"},"datePublished":"2025-12-02T19:23:19+00:00","dateModified":"2026-04-23T18:27:22+00:00","description":"Scopri di pi\u00f9 su Faique Ahmad, membro del Team FS e autore di guide specialistiche su strumenti online, crescita digitale e produttivit\u00e0.","breadcrumb":{"@id":"https:\/\/toolizo.com\/faique-ahmad\/#breadcrumb"},"inLanguage":"it-IT","potentialAction":[{"@type":"ReadAction","target":["https:\/\/toolizo.com\/faique-ahmad\/"]}]},{"@type":"BreadcrumbList","@id":"https:\/\/toolizo.com\/faique-ahmad\/#breadcrumb","itemListElement":[{"@type":"ListItem","position":1,"name":"Home","item":"https:\/\/toolizo.com\/"},{"@type":"ListItem","position":2,"name":"Faique Ahmad"}]},{"@type":"WebSite","@id":"https:\/\/toolizo.com\/#website","url":"https:\/\/toolizo.com\/","name":"Toolizo","description":"","publisher":{"@id":"https:\/\/toolizo.com\/#organization"},"potentialAction":[{"@type":"SearchAction","target":{"@type":"EntryPoint","urlTemplate":"https:\/\/toolizo.com\/?s={search_term_string}"},"query-input":{"@type":"PropertyValueSpecification","valueRequired":true,"valueName":"search_term_string"}}],"inLanguage":"it-IT"},{"@type":"Organization","@id":"https:\/\/toolizo.com\/#organization","name":"Toolizo","url":"https:\/\/toolizo.com\/","logo":{"@type":"ImageObject","inLanguage":"it-IT","@id":"https:\/\/toolizo.com\/#\/schema\/logo\/image\/","url":"https:\/\/toolizo.com\/wp-content\/uploads\/2026\/02\/cropped-Tool-1.png","contentUrl":"https:\/\/toolizo.com\/wp-content\/uploads\/2026\/02\/cropped-Tool-1.png","width":699,"height":140,"caption":"Toolizo"},"image":{"@id":"https:\/\/toolizo.com\/#\/schema\/logo\/image\/"}}]}},"_links":{"self":[{"href":"https:\/\/toolizo.com\/it\/wp-json\/wp\/v2\/pages\/95","targetHints":{"allow":["GET"]}}],"collection":[{"href":"https:\/\/toolizo.com\/it\/wp-json\/wp\/v2\/pages"}],"about":[{"href":"https:\/\/toolizo.com\/it\/wp-json\/wp\/v2\/types\/page"}],"author":[{"embeddable":true,"href":"https:\/\/toolizo.com\/it\/wp-json\/wp\/v2\/users\/1"}],"replies":[{"embeddable":true,"href":"https:\/\/toolizo.com\/it\/wp-json\/wp\/v2\/comments?post=95"}],"version-history":[{"count":2,"href":"https:\/\/toolizo.com\/it\/wp-json\/wp\/v2\/pages\/95\/revisions"}],"predecessor-version":[{"id":1243,"href":"https:\/\/toolizo.com\/it\/wp-json\/wp\/v2\/pages\/95\/revisions\/1243"}],"wp:attachment":[{"href":"https:\/\/toolizo.com\/it\/wp-json\/wp\/v2\/media?parent=95"}],"curies":[{"name":"wp","href":"https:\/\/api.w.org\/{rel}","templated":true}]}}